{"id":2786,"date":"2024-03-06T12:53:39","date_gmt":"2024-03-06T11:53:39","guid":{"rendered":"https:\/\/handproject.nl\/actividad-en-grupo-para-adultos\/"},"modified":"2024-04-10T10:33:01","modified_gmt":"2024-04-10T08:33:01","slug":"actividad-en-grupo-para-adultos","status":"publish","type":"page","link":"https:\/\/handproject.nl\/es\/actividad-en-grupo-para-adultos\/","title":{"rendered":"actividad en grupo para adultos"},"content":{"rendered":"\t\t<div data-elementor-type=\"wp-page\" data-elementor-id=\"2786\" class=\"elementor elementor-2786 elementor-2035\" data-elementor-post-type=\"page\">\n\t\t\t\t<div data-particle_enable=\"false\" data-particle-mobile-disabled=\"false\" class=\"elementor-element elementor-element-8c12d25 e-flex e-con-boxed e-con e-parent\" data-id=\"8c12d25\" data-element_type=\"container\">\n\t\t\t\t\t<div class=\"e-con-inner\">\n\t\t\t\t<div class=\"elementor-element elementor-element-5660597 elementor-widget elementor-widget-heading\" data-id=\"5660597\" data-element_type=\"widget\" data-widget_type=\"heading.default\">\n\t\t\t\t<div class=\"elementor-widget-container\">\n\t\t\t\t\t<h2 class=\"elementor-heading-title elementor-size-default\">Actividades de grupo para adultos - The Hand Project<\/h2>\t\t\t\t<\/div>\n\t\t\t\t<\/div>\n\t\t\t\t\t<\/div>\n\t\t\t\t<\/div>\n\t\t<div data-particle_enable=\"false\" data-particle-mobile-disabled=\"false\" class=\"elementor-element elementor-element-8eea56f e-flex e-con-boxed e-con e-parent\" data-id=\"8eea56f\" data-element_type=\"container\">\n\t\t\t\t\t<div class=\"e-con-inner\">\n\t\t\t\t<div class=\"elementor-element elementor-element-b301e33 elementor-widget__width-initial elementor-widget elementor-widget-image\" data-id=\"b301e33\" data-element_type=\"widget\" data-widget_type=\"image.default\">\n\t\t\t\t<div class=\"elementor-widget-container\">\n\t\t\t\t\t\t\t\t\t\t\t\t\t\t\t<img fetchpriority=\"high\" decoding=\"async\" width=\"512\" height=\"512\" src=\"https:\/\/handproject.nl\/wp-content\/uploads\/2023\/02\/cropped-cropped-The-Hand-Project-no-tb-logo-hi-res.jpg\" class=\"attachment-large size-large wp-image-1655\" alt=\"Maatschappelijk verantwoordelijk teamuitje\" srcset=\"https:\/\/handproject.nl\/wp-content\/uploads\/2023\/02\/cropped-cropped-The-Hand-Project-no-tb-logo-hi-res.jpg 512w, https:\/\/handproject.nl\/wp-content\/uploads\/2023\/02\/cropped-cropped-The-Hand-Project-no-tb-logo-hi-res-300x300.jpg 300w, https:\/\/handproject.nl\/wp-content\/uploads\/2023\/02\/cropped-cropped-The-Hand-Project-no-tb-logo-hi-res-150x150.jpg 150w, https:\/\/handproject.nl\/wp-content\/uploads\/2023\/02\/cropped-cropped-The-Hand-Project-no-tb-logo-hi-res-12x12.jpg 12w, https:\/\/handproject.nl\/wp-content\/uploads\/2023\/02\/cropped-cropped-The-Hand-Project-no-tb-logo-hi-res-100x100.jpg 100w, https:\/\/handproject.nl\/wp-content\/uploads\/2023\/02\/cropped-cropped-The-Hand-Project-no-tb-logo-hi-res-270x270.jpg 270w, https:\/\/handproject.nl\/wp-content\/uploads\/2023\/02\/cropped-cropped-The-Hand-Project-no-tb-logo-hi-res-192x192.jpg 192w, https:\/\/handproject.nl\/wp-content\/uploads\/2023\/02\/cropped-cropped-The-Hand-Project-no-tb-logo-hi-res-180x180.jpg 180w, https:\/\/handproject.nl\/wp-content\/uploads\/2023\/02\/cropped-cropped-The-Hand-Project-no-tb-logo-hi-res-32x32.jpg 32w\" sizes=\"(max-width: 512px) 100vw, 512px\" \/>\t\t\t\t\t\t\t\t\t\t\t\t\t\t\t<\/div>\n\t\t\t\t<\/div>\n\t\t\t\t\t<\/div>\n\t\t\t\t<\/div>\n\t\t<div data-particle_enable=\"false\" data-particle-mobile-disabled=\"false\" class=\"elementor-element elementor-element-95b626b e-flex e-con-boxed e-con e-parent\" data-id=\"95b626b\" data-element_type=\"container\">\n\t\t\t\t\t<div class=\"e-con-inner\">\n\t\t\t\t<div class=\"elementor-element elementor-element-bea03b6 elementor-widget elementor-widget-spacer\" data-id=\"bea03b6\" data-element_type=\"widget\" data-widget_type=\"spacer.default\">\n\t\t\t\t<div class=\"elementor-widget-container\">\n\t\t\t\t\t\t\t<div class=\"elementor-spacer\">\n\t\t\t<div class=\"elementor-spacer-inner\"><\/div>\n\t\t<\/div>\n\t\t\t\t\t\t<\/div>\n\t\t\t\t<\/div>\n\t\t\t\t<div class=\"elementor-element elementor-element-3794f05 elementor-widget elementor-widget-heading\" data-id=\"3794f05\" data-element_type=\"widget\" data-widget_type=\"heading.default\">\n\t\t\t\t<div class=\"elementor-widget-container\">\n\t\t\t\t\t<h2 class=\"elementor-heading-title elementor-size-default\">Actividades de grupo para adultos<\/h2>\t\t\t\t<\/div>\n\t\t\t\t<\/div>\n\t\t\t\t<div class=\"elementor-element elementor-element-2c862eb elementor-widget elementor-widget-heading\" data-id=\"2c862eb\" data-element_type=\"widget\" data-widget_type=\"heading.default\">\n\t\t\t\t<div class=\"elementor-widget-container\">\n\t\t\t\t\t<h2 class=\"elementor-heading-title elementor-size-default\">Actividad en grupo para adultos: Capacitaci\u00f3n a trav\u00e9s del taller Handproject<\/h2>\t\t\t\t<\/div>\n\t\t\t\t<\/div>\n\t\t\t\t<div class=\"elementor-element elementor-element-38bcb8c elementor-widget elementor-widget-text-editor\" data-id=\"38bcb8c\" data-element_type=\"widget\" data-widget_type=\"text-editor.default\">\n\t\t\t\t<div class=\"elementor-widget-container\">\n\t\t\t\t\t\t\t\t\t<p>Participe en una <strong>actividad de grupo<\/strong> transformadora <strong>para adultos<\/strong> con el taller de The Handproject. Es una invitaci\u00f3n a participar en una experiencia significativa que fomenta el trabajo en equipo, la empat\u00eda y el crecimiento personal, al tiempo que contribuye a una importante causa mundial. Este taller \u00fanico no s\u00f3lo re\u00fane a la gente, sino que lo hace con un prop\u00f3sito que va m\u00e1s all\u00e1 del grupo inmediato, repercutiendo en vidas de todo el mundo.<\/p>\n\t\t\t\t\t\t\t\t<\/div>\n\t\t\t\t<\/div>\n\t\t\t\t<div class=\"elementor-element elementor-element-b470def elementor-widget elementor-widget-spacer\" data-id=\"b470def\" data-element_type=\"widget\" data-widget_type=\"spacer.default\">\n\t\t\t\t<div class=\"elementor-widget-container\">\n\t\t\t\t\t\t\t<div class=\"elementor-spacer\">\n\t\t\t<div class=\"elementor-spacer-inner\"><\/div>\n\t\t<\/div>\n\t\t\t\t\t\t<\/div>\n\t\t\t\t<\/div>\n\t\t\t\t\t<\/div>\n\t\t\t\t<\/div>\n\t\t<div data-particle_enable=\"false\" data-particle-mobile-disabled=\"false\" class=\"elementor-element elementor-element-f147801 e-flex e-con-boxed e-con e-parent\" data-id=\"f147801\" data-element_type=\"container\">\n\t\t\t\t\t<div class=\"e-con-inner\">\n\t\t<div data-particle_enable=\"false\" data-particle-mobile-disabled=\"false\" class=\"elementor-element elementor-element-277b7f2 e-con-full e-flex e-con e-child\" data-id=\"277b7f2\" data-element_type=\"container\">\n\t\t\t\t<div class=\"elementor-element elementor-element-f3fbdf6 elementor-widget elementor-widget-text-editor\" data-id=\"f3fbdf6\" data-element_type=\"widget\" data-widget_type=\"text-editor.default\">\n\t\t\t\t<div class=\"elementor-widget-container\">\n\t\t\t\t\t\t\t\t\t<h4>Participar, conectar y aprender: Una actividad de aprendizaje \u00fanica para adultos<\/h4>\n<p>Sum\u00e9rjase en el taller de The Handproject, una <strong>actividad de aprendizaje<\/strong> sin igual <strong>para adultos<\/strong>. Este taller se centra en el montaje de pr\u00f3tesis de mano, con el objetivo de reforzar las conexiones y las habilidades de una manera directa e impactante. Las manos prot\u00e9sicas que t\u00fa y tu equipo ensambl\u00e9is se donar\u00e1n a personas de pa\u00edses en desarrollo que, de otro modo, se quedar\u00edan sin mano.<\/p>\n<ul>\n<li>\n<p><strong>Eventos autogestionados<\/strong>: Perfecta para grupos m\u00e1s peque\u00f1os, nuestra opci\u00f3n de autofacilitaci\u00f3n proporciona todos los elementos esenciales, incluido un juego de material de mano y una presentaci\u00f3n profesional. Esta configuraci\u00f3n permite a los grupos moverse a su propio ritmo, adapt\u00e1ndose a diferentes entornos y ocasiones sin esfuerzo. Es una <strong>actividad de grupo<\/strong> perfecta <strong>para adultos<\/strong> que combina la facilidad con un importante desarrollo personal y colectivo.<\/p>\n<\/li>\n<li>\n<p><strong>Sets<\/strong> de kit de mano: Para un compromiso m\u00e1s centrado, opte por nuestro juego de kit de manos.  <span style=\"text-align: var(--text-align); background-color: var(--ast-global-color-4); color: var(--ast-global-color-3);\">Puede montar una mano prot\u00e9sica funcional en casa con su familia o amigos. \u00a1Qu\u00e9 idea tan incre\u00edble para un regalo \u00fanico y duradero! (Coste: 250,00 euros m\u00e1s IVA y gastos de env\u00edo)<\/span><\/p>\n<p style=\"font-size: 15px; font-style: normal; font-weight: 400;\">Se le enviar\u00e1 todo lo que necesita para montar una mano, ADEM\u00c1S de enlaces a una presentaci\u00f3n en PowerPoint narrada sobre el Proyecto Mano para darle antecedentes y motivaci\u00f3n adicional.<\/p>\n<p style=\"font-size: 15px; font-style: normal; font-weight: 400;\">Una vez terminada, s\u00f3lo tiene que devolver la mano terminada utilizando el resguardo del franqueo de devoluci\u00f3n.<\/p>\n<\/li>\n<\/ul>\n<p><a href=\"https:\/\/handproject.nl\/eventss\/\">Aqu\u00ed<\/a> encontrar\u00e1 m\u00e1s informaci\u00f3n sobre nuestros <a href=\"https:\/\/handproject.nl\/eventss\/\">talleres.<\/a><\/p><\/p>\n\t\t\t\t\t\t\t\t<\/div>\n\t\t\t\t<\/div>\n\t\t\t\t<\/div>\n\t\t<div data-particle_enable=\"false\" data-particle-mobile-disabled=\"false\" class=\"elementor-element elementor-element-abc5971 e-con-full e-flex e-con e-child\" data-id=\"abc5971\" data-element_type=\"container\">\n\t\t\t\t<div class=\"elementor-element elementor-element-8f5b335 elementor-widget elementor-widget-image\" data-id=\"8f5b335\" data-element_type=\"widget\" data-widget_type=\"image.default\">\n\t\t\t\t<div class=\"elementor-widget-container\">\n\t\t\t\t\t\t\t\t\t\t\t\t\t\t\t<img decoding=\"async\" width=\"768\" height=\"1024\" src=\"https:\/\/handproject.nl\/wp-content\/uploads\/2023\/10\/20230829_122758-768x1024.jpg\" class=\"attachment-large size-large wp-image-1162\" alt=\"groepsactiviteiten voor volwassenen\" srcset=\"https:\/\/handproject.nl\/wp-content\/uploads\/2023\/10\/20230829_122758-768x1024.jpg 768w, https:\/\/handproject.nl\/wp-content\/uploads\/2023\/10\/20230829_122758-scaled-600x800.jpg 600w, https:\/\/handproject.nl\/wp-content\/uploads\/2023\/10\/20230829_122758-225x300.jpg 225w, https:\/\/handproject.nl\/wp-content\/uploads\/2023\/10\/20230829_122758-1152x1536.jpg 1152w, https:\/\/handproject.nl\/wp-content\/uploads\/2023\/10\/20230829_122758-1536x2048.jpg 1536w, https:\/\/handproject.nl\/wp-content\/uploads\/2023\/10\/20230829_122758-9x12.jpg 9w, https:\/\/handproject.nl\/wp-content\/uploads\/2023\/10\/20230829_122758-scaled.jpg 1920w\" sizes=\"(max-width: 768px) 100vw, 768px\" \/>\t\t\t\t\t\t\t\t\t\t\t\t\t\t\t<\/div>\n\t\t\t\t<\/div>\n\t\t\t\t<\/div>\n\t\t\t\t\t<\/div>\n\t\t\t\t<\/div>\n\t\t<div data-particle_enable=\"false\" data-particle-mobile-disabled=\"false\" class=\"elementor-element elementor-element-b236b3a e-flex e-con-boxed e-con e-parent\" data-id=\"b236b3a\" data-element_type=\"container\">\n\t\t\t\t\t<div class=\"e-con-inner\">\n\t\t\t\t<div class=\"elementor-element elementor-element-3adf34a elementor-widget elementor-widget-text-editor\" data-id=\"3adf34a\" data-element_type=\"widget\" data-widget_type=\"text-editor.default\">\n\t\t\t\t<div class=\"elementor-widget-container\">\n\t\t\t\t\t\t\t\t\t<h4>Personalice su actividad de grupo para adultos con The Handproject<\/h4>\n<p>Ajuste y perfeccione su <strong>actividad de grupo para<\/strong> adultos para que se adapte perfectamente a los intereses y objetivos de su equipo. Tanto si optas por un taller autoguiado como por kits de manos individuales, The Handproject se compromete a hacer que tu experiencia sea gratificante, impactante y memorable. Cambie de una opci\u00f3n a otra sin problemas para encontrar la que mejor se adapte a su grupo, asegur\u00e1ndose de que todos los participantes aprovechan esta oportunidad \u00fanica.<\/p>\n<p style=\"border-style: solid; border-color: #e3e3e3; --tw-border-spacing-x: 0; --tw-border-spacing-y: 0; --tw-translate-x: 0; --tw-translate-y: 0; --tw-rotate: 0; --tw-skew-x: 0; --tw-skew-y: 0; --tw-scale-x: 1; --tw-scale-y: 1; --tw-scroll-snap-strictness: proximity; --tw-ring-offset-width: 0px; --tw-ring-offset-color: #fff; --tw-ring-color: rgba(69,89,164,.5); --tw-ring-offset-shadow: 0 0 transparent; --tw-ring-shadow: 0 0 transparent; --tw-shadow: 0 0 transparent; --tw-shadow-colored: 0 0 transparent; margin-bottom: 0px; color: #0d0d0d; font-family: S\u00f6hne, ui-sans-serif, system-ui, -apple-system, 'Segoe UI', Roboto, Ubuntu, Cantarell, 'Noto Sans', sans-serif, 'Helvetica Neue', Arial, 'Apple Color Emoji', 'Segoe UI Emoji', 'Segoe UI Symbol', 'Noto Color Emoji'; font-size: 16px; font-style: normal; font-weight: 400; white-space-collapse: preserve; background-color: #ffffff;\">Para saber m\u00e1s sobre el impacto que podemos tener juntos, no dude en ver un breve<a href=\"https:\/\/vimeo.com\/881155487\">v\u00eddeo de un minuto en Vimeo.<\/a><\/p>\n\t\t\t\t\t\t\t\t<\/div>\n\t\t\t\t<\/div>\n\t\t\t\t\t<\/div>\n\t\t\t\t<\/div>\n\t\t<div data-particle_enable=\"false\" data-particle-mobile-disabled=\"false\" class=\"elementor-element elementor-element-3200c2e e-flex e-con-boxed e-con e-parent\" data-id=\"3200c2e\" data-element_type=\"container\">\n\t\t\t\t\t<div class=\"e-con-inner\">\n\t\t\t\t<div class=\"elementor-element elementor-element-64b074d elementor-widget elementor-widget-text-editor\" data-id=\"64b074d\" data-element_type=\"widget\" data-widget_type=\"text-editor.default\">\n\t\t\t\t<div class=\"elementor-widget-container\">\n\t\t\t\t\t\t\t\t\t<h4>Un paso adelante con The Handproject<\/h4>\n<p>Sum\u00e9rjase en una <strong>actividad de grupo para<\/strong> adultos completamente \u00fanica. <a href=\"https:\/\/handproject.nl\/contact\/\">Ponte en contacto con The Handproject<\/a> hoy mismo para elegir tu formato de taller preferido y crear un impacto tangible real.  <\/p>\n<p>No dude en ponerse en<a href=\"https:\/\/handproject.nl\/contact\/\"> contacto<\/a> con nosotros en info@handproject.nl o visite nuestra<a href=\"https:\/\/handproject.nl\/contact\/\"> p\u00e1gina de contacto.<\/a><\/p>\n\t\t\t\t\t\t\t\t<\/div>\n\t\t\t\t<\/div>\n\t\t\t\t\t<\/div>\n\t\t\t\t<\/div>\n\t\t\t\t<\/div>\n\t\t","protected":false},"excerpt":{"rendered":"<p>Actividades de grupo para adultos &#8211; The Hand Project Actividades de grupo para adultos Actividad en grupo para adultos: Capacitaci\u00f3n a trav\u00e9s del taller Handproject Participe en una actividad de grupo transformadora para adultos con el taller de The Handproject. Es una invitaci\u00f3n a participar en una experiencia significativa que fomenta el trabajo en equipo, [&hellip;]<\/p>\n","protected":false},"author":1,"featured_media":2720,"parent":0,"menu_order":0,"comment_status":"closed","ping_status":"closed","template":"","meta":{"_eb_attr":"","om_disable_all_campaigns":false,"_monsterinsights_skip_tracking":false,"_monsterinsights_sitenote_active":false,"_monsterinsights_sitenote_note":"","_monsterinsights_sitenote_category":0,"site-sidebar-layout":"no-sidebar","site-content-layout":"page-builder","ast-site-content-layout":"","site-content-style":"default","site-sidebar-style":"default","ast-global-header-display":"","ast-banner-title-visibility":"","ast-main-header-display":"","ast-hfb-above-header-display":"","ast-hfb-below-header-display":"","ast-hfb-mobile-header-display":"","site-post-title":"disabled","ast-breadcrumbs-content":"","ast-featured-img":"disabled","footer-sml-layout":"","theme-transparent-header-meta":"","adv-header-id-meta":"","stick-header-meta":"","header-above-stick-meta":"","header-main-stick-meta":"","header-below-stick-meta":"","astra-migrate-meta-layouts":"default","ast-page-background-enabled":"default","ast-page-background-meta":{"desktop":{"background-color":"","background-image":"","background-repeat":"repeat","background-position":"center center","background-size":"auto","background-attachment":"scroll","background-type":"","background-media":"","overlay-type":"","overlay-color":"","overlay-gradient":""},"tablet":{"background-color":"","background-image":"","background-repeat":"repeat","background-position":"center center","background-size":"auto","background-attachment":"scroll","background-type":"","background-media":"","overlay-type":"","overlay-color":"","overlay-gradient":""},"mobile":{"background-color":"","background-image":"","background-repeat":"repeat","background-position":"center center","background-size":"auto","background-attachment":"scroll","background-type":"","background-media":"","overlay-type":"","overlay-color":"","overlay-gradient":""}},"ast-content-background-meta":{"desktop":{"background-color":"var(--ast-global-color-5)","background-image":"","background-repeat":"repeat","background-position":"center center","background-size":"auto","background-attachment":"scroll","background-type":"","background-media":"","overlay-type":"","overlay-color":"","overlay-gradient":""},"tablet":{"background-color":"var(--ast-global-color-5)","background-image":"","background-repeat":"repeat","background-position":"center center","background-size":"auto","background-attachment":"scroll","background-type":"","background-media":"","overlay-type":"","overlay-color":"","overlay-gradient":""},"mobile":{"background-color":"var(--ast-global-color-5)","background-image":"","background-repeat":"repeat","background-position":"center center","background-size":"auto","background-attachment":"scroll","background-type":"","background-media":"","overlay-type":"","overlay-color":"","overlay-gradient":""}},"footnotes":""},"class_list":["post-2786","page","type-page","status-publish","has-post-thumbnail","hentry"],"aioseo_notices":[],"_links":{"self":[{"href":"https:\/\/handproject.nl\/es\/wp-json\/wp\/v2\/pages\/2786","targetHints":{"allow":["GET"]}}],"collection":[{"href":"https:\/\/handproject.nl\/es\/wp-json\/wp\/v2\/pages"}],"about":[{"href":"https:\/\/handproject.nl\/es\/wp-json\/wp\/v2\/types\/page"}],"author":[{"embeddable":true,"href":"https:\/\/handproject.nl\/es\/wp-json\/wp\/v2\/users\/1"}],"replies":[{"embeddable":true,"href":"https:\/\/handproject.nl\/es\/wp-json\/wp\/v2\/comments?post=2786"}],"version-history":[{"count":2,"href":"https:\/\/handproject.nl\/es\/wp-json\/wp\/v2\/pages\/2786\/revisions"}],"predecessor-version":[{"id":2792,"href":"https:\/\/handproject.nl\/es\/wp-json\/wp\/v2\/pages\/2786\/revisions\/2792"}],"wp:featuredmedia":[{"embeddable":true,"href":"https:\/\/handproject.nl\/es\/wp-json\/wp\/v2\/media\/2720"}],"wp:attachment":[{"href":"https:\/\/handproject.nl\/es\/wp-json\/wp\/v2\/media?parent=2786"}],"curies":[{"name":"wp","href":"https:\/\/api.w.org\/{rel}","templated":true}]}}