{"id":2803,"date":"2024-03-06T13:29:11","date_gmt":"2024-03-06T12:29:11","guid":{"rendered":"https:\/\/handproject.nl\/ideas-para-eventos-de-empresa-para-empleados\/"},"modified":"2025-04-28T06:39:01","modified_gmt":"2025-04-28T04:39:01","slug":"ideas-para-eventos-de-empresa-para-empleados","status":"publish","type":"page","link":"https:\/\/handproject.nl\/es\/ideas-para-eventos-de-empresa-para-empleados\/","title":{"rendered":"ideas para eventos de empresa para empleados"},"content":{"rendered":"\t\t<div data-elementor-type=\"wp-page\" data-elementor-id=\"2803\" class=\"elementor elementor-2803 elementor-2043\" data-elementor-post-type=\"page\">\n\t\t\t\t<div data-particle_enable=\"false\" data-particle-mobile-disabled=\"false\" class=\"elementor-element elementor-element-7f10103 e-flex e-con-boxed e-con e-parent\" data-id=\"7f10103\" data-element_type=\"container\">\n\t\t\t\t\t<div class=\"e-con-inner\">\n\t\t\t\t<div class=\"elementor-element elementor-element-bfde1ba elementor-widget elementor-widget-heading\" data-id=\"bfde1ba\" data-element_type=\"widget\" data-widget_type=\"heading.default\">\n\t\t\t\t<div class=\"elementor-widget-container\">\n\t\t\t\t\t<h2 class=\"elementor-heading-title elementor-size-default\">Equipos de empresa - Ideas para eventos de empresa para empleados<\/h2>\t\t\t\t<\/div>\n\t\t\t\t<\/div>\n\t\t\t\t<div class=\"elementor-element elementor-element-b3560ee elementor-widget elementor-widget-spacer\" data-id=\"b3560ee\" data-element_type=\"widget\" data-widget_type=\"spacer.default\">\n\t\t\t\t<div class=\"elementor-widget-container\">\n\t\t\t\t\t\t\t<div class=\"elementor-spacer\">\n\t\t\t<div class=\"elementor-spacer-inner\"><\/div>\n\t\t<\/div>\n\t\t\t\t\t\t<\/div>\n\t\t\t\t<\/div>\n\t\t\t\t<div class=\"elementor-element elementor-element-7f52816 elementor-widget__width-initial elementor-widget elementor-widget-image\" data-id=\"7f52816\" data-element_type=\"widget\" data-widget_type=\"image.default\">\n\t\t\t\t<div class=\"elementor-widget-container\">\n\t\t\t\t\t\t\t\t\t\t\t\t\t\t\t<img fetchpriority=\"high\" decoding=\"async\" width=\"1024\" height=\"768\" src=\"https:\/\/handproject.nl\/wp-content\/uploads\/2023\/09\/IMG_7319-1024x768.jpg\" class=\"attachment-large size-large wp-image-1094\" alt=\"idee\u00ebn voor bedrijf evenementen werknemers\" srcset=\"https:\/\/handproject.nl\/wp-content\/uploads\/2023\/09\/IMG_7319-1024x768.jpg 1024w, https:\/\/handproject.nl\/wp-content\/uploads\/2023\/09\/IMG_7319-scaled-600x450.jpg 600w, https:\/\/handproject.nl\/wp-content\/uploads\/2023\/09\/IMG_7319-300x225.jpg 300w, https:\/\/handproject.nl\/wp-content\/uploads\/2023\/09\/IMG_7319-768x576.jpg 768w, https:\/\/handproject.nl\/wp-content\/uploads\/2023\/09\/IMG_7319-1536x1152.jpg 1536w, https:\/\/handproject.nl\/wp-content\/uploads\/2023\/09\/IMG_7319-2048x1536.jpg 2048w\" sizes=\"(max-width: 1024px) 100vw, 1024px\" \/>\t\t\t\t\t\t\t\t\t\t\t\t\t\t\t<\/div>\n\t\t\t\t<\/div>\n\t\t\t\t<div class=\"elementor-element elementor-element-3747815 elementor-widget elementor-widget-spacer\" data-id=\"3747815\" data-element_type=\"widget\" data-widget_type=\"spacer.default\">\n\t\t\t\t<div class=\"elementor-widget-container\">\n\t\t\t\t\t\t\t<div class=\"elementor-spacer\">\n\t\t\t<div class=\"elementor-spacer-inner\"><\/div>\n\t\t<\/div>\n\t\t\t\t\t\t<\/div>\n\t\t\t\t<\/div>\n\t\t\t\t<div class=\"elementor-element elementor-element-c684a81 elementor-widget elementor-widget-heading\" data-id=\"c684a81\" data-element_type=\"widget\" data-widget_type=\"heading.default\">\n\t\t\t\t<div class=\"elementor-widget-container\">\n\t\t\t\t\t<h2 class=\"elementor-heading-title elementor-size-default\">Ideas innovadoras para eventos de empresa<\/h2>\t\t\t\t<\/div>\n\t\t\t\t<\/div>\n\t\t\t\t<div class=\"elementor-element elementor-element-2903855 elementor-widget elementor-widget-text-editor\" data-id=\"2903855\" data-element_type=\"widget\" data-widget_type=\"text-editor.default\">\n\t\t\t\t<div class=\"elementor-widget-container\">\n\t\t\t\t\t\t\t\t\t<p>Bienvenido. \u00bfBusca <strong style=\"font-size: 15px; font-style: inherit; text-align: var(--text-align); background-color: var(--ast-global-color-4); color: var(--ast-global-color-3); font-family: Roboto, sans-serif;\">ideas para organizar eventos de empresa para sus empleados<\/strong>?<span style=\"font-size: 15px; font-style: inherit; font-weight: inherit; text-align: var(--text-align); background-color: var(--ast-global-color-4); color: var(--ast-global-color-3); font-family: Roboto, sans-serif;\">  que destaquen de lo habitual? Ha venido al lugar adecuado. En The Handproject, elevamos la creaci\u00f3n de equipos a un nuevo y emocionante nivel, ofreciendo actividades \u00fanicas que no s\u00f3lo acercan a los equipos, sino que tambi\u00e9n contribuyen positivamente al mundo en general.<\/span><\/p>\n<p>Desde el principio, imagine a su equipo participando en algo realmente especial. Nuestros talleres est\u00e1n pensados para estrechar lazos, estimular la innovaci\u00f3n y fomentar el sentido de comunidad, al tiempo que se marca una diferencia tangible en la vida de los dem\u00e1s. Tanto si su objetivo es elevar la moral, desarrollar habilidades o simplemente disfrutar de un descanso de la rutina de la oficina, le tenemos cubierto.<\/p>\n\t\t\t\t\t\t\t\t<\/div>\n\t\t\t\t<\/div>\n\t\t\t\t\t<\/div>\n\t\t\t\t<\/div>\n\t\t<div data-particle_enable=\"false\" data-particle-mobile-disabled=\"false\" class=\"elementor-element elementor-element-237674f e-flex e-con-boxed e-con e-parent\" data-id=\"237674f\" data-element_type=\"container\">\n\t\t\t\t\t<div class=\"e-con-inner\">\n\t\t<div data-particle_enable=\"false\" data-particle-mobile-disabled=\"false\" class=\"elementor-element elementor-element-65f18b8 e-con-full e-flex e-con e-child\" data-id=\"65f18b8\" data-element_type=\"container\">\n\t\t\t\t<div class=\"elementor-element elementor-element-857ab08 elementor-widget elementor-widget-text-editor\" data-id=\"857ab08\" data-element_type=\"widget\" data-widget_type=\"text-editor.default\">\n\t\t\t\t<div class=\"elementor-widget-container\">\n\t\t\t\t\t\t\t\t\t<h3>Talleres atractivos para equipos ejecutivos<\/h3>\n<p>Nuestros talleres especializados son perfectos para <b>ideas de creaci\u00f3n de equipos ejecutivos.<\/b> Est\u00e1n pensados para potenciar las habilidades de liderazgo, el pensamiento estrat\u00e9gico y la empat\u00eda. \u00bfC\u00f3mo?  <strong>Montando pr\u00f3tesis de manos.<\/strong>  Esta actividad \u00fanica es algo m\u00e1s que una tarea: es una poderosa met\u00e1fora de la resoluci\u00f3n de problemas, la innovaci\u00f3n y la consecuci\u00f3n de objetivos compartidos. De este modo, los ejecutivos aprenden a afrontar los retos de forma creativa y colaborativa, reforzando su papel de l\u00edderes e innovadores.<\/p>\n<h3><strong>ideas para eventos de empresa para empleados<\/strong><\/h3>\n<p>\u00bfBusca <strong>ideas para organizar eventos de empresa para sus empleados<\/strong>? Considere el taller \u00fanico de The Handproject para todos, que mejora la moral de la empresa y la RSE.<\/p>\n<ul>\n<li><strong>Amplia aplicaci\u00f3n de habilidades<\/strong>: El montaje de pr\u00f3tesis de mano agudiza la precisi\u00f3n y el trabajo en equipo, apto para todos los empleados, no solo los ingenieros.<\/li>\n<li><strong>Aumenta la moral de la empresa<\/strong>: Trabajar juntos en un proyecto significativo mejora la moral y fomenta el sentimiento de unidad.<\/li>\n<li><strong>Apoya los objetivos de RSC<\/strong>: Contribuye positivamente a la responsabilidad social corporativa marcando una diferencia tangible en el mundo.<\/li>\n<\/ul>\n<p>Este taller ofrece una forma vers\u00e1til e impactante de implicar a los empleados, mejorar la moral y alinearse con los objetivos de RSC.<\/p>\n<h3>  Jornadas de empresa con un objetivo<\/h3>\n<p>Por \u00faltimo, proponemos <strong>jornadas corporativas<\/strong> que combinen compromiso e impacto. Salir del entorno habitual de oficina con The Handproject ofrece un refrescante cambio de aires y una oportunidad \u00fanica para estrechar los lazos del equipo. Estos d\u00edas fuera de casa est\u00e1n dise\u00f1ados para refrescar las perspectivas y cultivar un sentimiento compartido de logro contribuyendo a una causa significativa. Por lo tanto, es una forma excelente de dinamizar a su equipo y reforzar el valor de la colaboraci\u00f3n y el trabajo con prop\u00f3sito.<\/p>\n\t\t\t\t\t\t\t\t<\/div>\n\t\t\t\t<\/div>\n\t\t\t\t<\/div>\n\t\t<div data-particle_enable=\"false\" data-particle-mobile-disabled=\"false\" class=\"elementor-element elementor-element-6548183 e-con-full e-flex e-con e-child\" data-id=\"6548183\" data-element_type=\"container\">\n\t\t\t\t<div class=\"elementor-element elementor-element-be7a530 elementor-widget elementor-widget-image\" data-id=\"be7a530\" data-element_type=\"widget\" data-widget_type=\"image.default\">\n\t\t\t\t<div class=\"elementor-widget-container\">\n\t\t\t\t\t\t\t\t\t\t\t\t\t\t\t<img decoding=\"async\" width=\"500\" height=\"667\" src=\"https:\/\/handproject.nl\/wp-content\/uploads\/2023\/08\/Small-boy-ironmen-1.jpg\" class=\"attachment-large size-large wp-image-917\" alt=\"idee\u00ebn voor bedrijf evenementen voor werknemers\" srcset=\"https:\/\/handproject.nl\/wp-content\/uploads\/2023\/08\/Small-boy-ironmen-1.jpg 500w, https:\/\/handproject.nl\/wp-content\/uploads\/2023\/08\/Small-boy-ironmen-1-225x300.jpg 225w\" sizes=\"(max-width: 500px) 100vw, 500px\" \/>\t\t\t\t\t\t\t\t\t\t\t\t\t\t\t<\/div>\n\t\t\t\t<\/div>\n\t\t\t\t<\/div>\n\t\t\t\t\t<\/div>\n\t\t\t\t<\/div>\n\t\t<div data-particle_enable=\"false\" data-particle-mobile-disabled=\"false\" class=\"elementor-element elementor-element-8e2b3af e-flex e-con-boxed e-con e-parent\" data-id=\"8e2b3af\" data-element_type=\"container\">\n\t\t\t\t\t<div class=\"e-con-inner\">\n\t\t\t\t<div class=\"elementor-element elementor-element-8ba784d elementor-widget elementor-widget-text-editor\" data-id=\"8ba784d\" data-element_type=\"widget\" data-widget_type=\"text-editor.default\">\n\t\t\t\t<div class=\"elementor-widget-container\">\n\t\t\t\t\t\t\t\t\t<p>A trav\u00e9s de estos talleres y actividades personalizados, The Handproject ofrece <strong>ideas<\/strong> diversas y significativas para <strong>eventos de empresa para empleados<\/strong>, garantizando que cada equipo pueda encontrar una experiencia que resuene con sus objetivos y mejore su cohesi\u00f3n y creatividad. Haga clic aqu\u00ed para obtener m\u00e1s informaci\u00f3n sobre <a href=\"https:\/\/handproject.nl\/events\/\">nuestros talleres<\/a>. O vea aqu\u00ed<a href=\"https:\/\/vimeo.com\/881155487\"> un breve v\u00eddeo<\/a> sobre nuestro impacto.<\/p>\t\t\t\t\t\t\t\t<\/div>\n\t\t\t\t<\/div>\n\t\t\t\t\t<\/div>\n\t\t\t\t<\/div>\n\t\t<div data-particle_enable=\"false\" data-particle-mobile-disabled=\"false\" class=\"elementor-element elementor-element-9f970a2 e-flex e-con-boxed e-con e-parent\" data-id=\"9f970a2\" data-element_type=\"container\">\n\t\t\t\t\t<div class=\"e-con-inner\">\n\t\t\t\t<div class=\"elementor-element elementor-element-100cf4b elementor-widget elementor-widget-heading\" data-id=\"100cf4b\" data-element_type=\"widget\" data-widget_type=\"heading.default\">\n\t\t\t\t<div class=\"elementor-widget-container\">\n\t\t\t\t\t<h2 class=\"elementor-heading-title elementor-size-default\">Adaptar la experiencia Handproject<\/h2>\t\t\t\t<\/div>\n\t\t\t\t<\/div>\n\t\t\t\t<div class=\"elementor-element elementor-element-1352f11 elementor-widget elementor-widget-text-editor\" data-id=\"1352f11\" data-element_type=\"widget\" data-widget_type=\"text-editor.default\">\n\t\t\t\t<div class=\"elementor-widget-container\">\n\t\t\t\t\t\t\t\t\t<p>Cuando se trata de <strong>ideas para eventos de empresa para empleados<\/strong>, The Handproject destaca por ofrecer amplias opciones de personalizaci\u00f3n. Entendemos que cada empresa tiene sus propias necesidades, ya sea fomentar la cohesi\u00f3n del equipo, perfeccionar las aptitudes de liderazgo o celebrar los logros del equipo. Por eso le ofrecemos:<\/p>\n<ul>\n<li><strong>Formatos de taller flexibles<\/strong>: Elija entre talleres totalmente dirigidos, moderados en l\u00ednea o autoguiados para adaptarse al tama\u00f1o y las preferencias de su equipo.<\/li>\n<li>Temas <strong>y actividades personalizados<\/strong>: Adapte su evento con temas espec\u00edficos que se alineen con sus valores u objetivos corporativos, garantizando una experiencia personalizada e impactante.<\/li>\n<\/ul>\n<p>Esta flexibilidad garantiza que su evento corporativo no s\u00f3lo sea memorable, sino tambi\u00e9n profundamente significativo, perfectamente alineado con los objetivos de su organizaci\u00f3n.<\/p>\n<p>Le invitamos a descubrir un mundo de innovadoras <strong>ideas de eventos de empresa para empleados<\/strong>. Nuestros talleres ofrecen una combinaci\u00f3n \u00fanica de mejora del equipo e impacto en el mundo real, estableciendo un nuevo est\u00e1ndar en la creaci\u00f3n de equipos corporativos. \u00danase a nosotros para crear experiencias que no s\u00f3lo fortalezcan los equipos, sino que tambi\u00e9n contribuyan positivamente a las comunidades globales. Ponte en contacto con nosotros <a href=\"https:\/\/handproject.nl\/contact\/\">hoy mismo<\/a> y da el primer paso hacia un evento de equipo corporativo inolvidable con The Handproject.<\/p>\n<p>No dude en enviarnos un correo electr\u00f3nico a: info@handproject.nl, rellenar nuestro <a href=\"https:\/\/handproject.nl\/contact\/\">formulario de contacto<\/a> o llamarnos directamente.<\/p><\/p>\n\t\t\t\t\t\t\t\t<\/div>\n\t\t\t\t<\/div>\n\t\t\t\t\t<\/div>\n\t\t\t\t<\/div>\n\t\t\t\t<\/div>\n\t\t","protected":false},"excerpt":{"rendered":"<p>Equipos de empresa &#8211; Ideas para eventos de empresa para empleados Ideas innovadoras para eventos de empresa Bienvenido. \u00bfBusca ideas para organizar eventos de empresa para sus empleados? que destaquen de lo habitual? Ha venido al lugar adecuado. En The Handproject, elevamos la creaci\u00f3n de equipos a un nuevo y emocionante nivel, ofreciendo actividades \u00fanicas [&hellip;]<\/p>\n","protected":false},"author":1,"featured_media":2303,"parent":0,"menu_order":0,"comment_status":"closed","ping_status":"closed","template":"","meta":{"_eb_attr":"","om_disable_all_campaigns":false,"_monsterinsights_skip_tracking":false,"_monsterinsights_sitenote_active":false,"_monsterinsights_sitenote_note":"","_monsterinsights_sitenote_category":0,"site-sidebar-layout":"no-sidebar","site-content-layout":"page-builder","ast-site-content-layout":"full-width-container","site-content-style":"unboxed","site-sidebar-style":"unboxed","ast-global-header-display":"","ast-banner-title-visibility":"","ast-main-header-display":"","ast-hfb-above-header-display":"","ast-hfb-below-header-display":"","ast-hfb-mobile-header-display":"","site-post-title":"disabled","ast-breadcrumbs-content":"","ast-featured-img":"disabled","footer-sml-layout":"","theme-transparent-header-meta":"","adv-header-id-meta":"","stick-header-meta":"","header-above-stick-meta":"","header-main-stick-meta":"","header-below-stick-meta":"","astra-migrate-meta-layouts":"set","ast-page-background-enabled":"default","ast-page-background-meta":{"desktop":{"background-color":"","background-image":"","background-repeat":"repeat","background-position":"center center","background-size":"auto","background-attachment":"scroll","background-type":"","background-media":"","overlay-type":"","overlay-color":"","overlay-gradient":""},"tablet":{"background-color":"","background-image":"","background-repeat":"repeat","background-position":"center center","background-size":"auto","background-attachment":"scroll","background-type":"","background-media":"","overlay-type":"","overlay-color":"","overlay-gradient":""},"mobile":{"background-color":"","background-image":"","background-repeat":"repeat","background-position":"center center","background-size":"auto","background-attachment":"scroll","background-type":"","background-media":"","overlay-type":"","overlay-color":"","overlay-gradient":""}},"ast-content-background-meta":{"desktop":{"background-color":"var(--ast-global-color-5)","background-image":"","background-repeat":"repeat","background-position":"center center","background-size":"auto","background-attachment":"scroll","background-type":"","background-media":"","overlay-type":"","overlay-color":"","overlay-gradient":""},"tablet":{"background-color":"var(--ast-global-color-5)","background-image":"","background-repeat":"repeat","background-position":"center center","background-size":"auto","background-attachment":"scroll","background-type":"","background-media":"","overlay-type":"","overlay-color":"","overlay-gradient":""},"mobile":{"background-color":"var(--ast-global-color-5)","background-image":"","background-repeat":"repeat","background-position":"center center","background-size":"auto","background-attachment":"scroll","background-type":"","background-media":"","overlay-type":"","overlay-color":"","overlay-gradient":""}},"footnotes":""},"class_list":["post-2803","page","type-page","status-publish","has-post-thumbnail","hentry"],"aioseo_notices":[],"_links":{"self":[{"href":"https:\/\/handproject.nl\/es\/wp-json\/wp\/v2\/pages\/2803","targetHints":{"allow":["GET"]}}],"collection":[{"href":"https:\/\/handproject.nl\/es\/wp-json\/wp\/v2\/pages"}],"about":[{"href":"https:\/\/handproject.nl\/es\/wp-json\/wp\/v2\/types\/page"}],"author":[{"embeddable":true,"href":"https:\/\/handproject.nl\/es\/wp-json\/wp\/v2\/users\/1"}],"replies":[{"embeddable":true,"href":"https:\/\/handproject.nl\/es\/wp-json\/wp\/v2\/comments?post=2803"}],"version-history":[{"count":9,"href":"https:\/\/handproject.nl\/es\/wp-json\/wp\/v2\/pages\/2803\/revisions"}],"predecessor-version":[{"id":4118,"href":"https:\/\/handproject.nl\/es\/wp-json\/wp\/v2\/pages\/2803\/revisions\/4118"}],"wp:featuredmedia":[{"embeddable":true,"href":"https:\/\/handproject.nl\/es\/wp-json\/wp\/v2\/media\/2303"}],"wp:attachment":[{"href":"https:\/\/handproject.nl\/es\/wp-json\/wp\/v2\/media?parent=2803"}],"curies":[{"name":"wp","href":"https:\/\/api.w.org\/{rel}","templated":true}]}}