{"id":2804,"date":"2024-03-04T12:03:08","date_gmt":"2024-03-04T11:03:08","guid":{"rendered":"https:\/\/handproject.nl\/actividades-navidenas-de-team-building\/"},"modified":"2024-08-16T10:18:59","modified_gmt":"2024-08-16T08:18:59","slug":"actividades-navidenas-de-team-building","status":"publish","type":"page","link":"https:\/\/handproject.nl\/es\/actividades-navidenas-de-team-building\/","title":{"rendered":"Actividades navide\u00f1as de team building"},"content":{"rendered":"\t\t<div data-elementor-type=\"wp-page\" data-elementor-id=\"2804\" class=\"elementor elementor-2804 elementor-2027\" data-elementor-post-type=\"page\">\n\t\t\t\t<div data-particle_enable=\"false\" data-particle-mobile-disabled=\"false\" class=\"elementor-element elementor-element-e5a9385 e-flex e-con-boxed e-con e-parent\" data-id=\"e5a9385\" data-element_type=\"container\">\n\t\t\t\t\t<div class=\"e-con-inner\">\n\t\t\t\t<div class=\"elementor-element elementor-element-82a21ce elementor-widget elementor-widget-heading\" data-id=\"82a21ce\" data-element_type=\"widget\" data-widget_type=\"heading.default\">\n\t\t\t\t<div class=\"elementor-widget-container\">\n\t\t\t\t\t<h1 class=\"elementor-heading-title elementor-size-default\">Actividades navide\u00f1as de creaci\u00f3n de equipos - Ocasiones especiales  <\/h1>\t\t\t\t<\/div>\n\t\t\t\t<\/div>\n\t\t\t\t<div class=\"elementor-element elementor-element-b6dcb2f elementor-widget__width-initial elementor-widget elementor-widget-image\" data-id=\"b6dcb2f\" data-element_type=\"widget\" data-widget_type=\"image.default\">\n\t\t\t\t<div class=\"elementor-widget-container\">\n\t\t\t\t\t\t\t\t\t\t\t\t\t\t\t<img fetchpriority=\"high\" decoding=\"async\" width=\"1024\" height=\"1024\" src=\"https:\/\/handproject.nl\/wp-content\/uploads\/2024\/03\/DALL\u00b7E-2024-03-04-12.06.24-A-cozy-Christmas-scene-in-an-office-setting-featuring-a-table-adorned-with-holiday-decorations-a-small-Christmas-tree-with-lights-wrapped-gifts-an.webp\" class=\"attachment-large size-large wp-image-2029\" alt=\"christmas team building activities\" srcset=\"https:\/\/handproject.nl\/wp-content\/uploads\/2024\/03\/DALL\u00b7E-2024-03-04-12.06.24-A-cozy-Christmas-scene-in-an-office-setting-featuring-a-table-adorned-with-holiday-decorations-a-small-Christmas-tree-with-lights-wrapped-gifts-an.webp 1024w, https:\/\/handproject.nl\/wp-content\/uploads\/2024\/03\/DALL\u00b7E-2024-03-04-12.06.24-A-cozy-Christmas-scene-in-an-office-setting-featuring-a-table-adorned-with-holiday-decorations-a-small-Christmas-tree-with-lights-wrapped-gifts-an-300x300.webp 300w, https:\/\/handproject.nl\/wp-content\/uploads\/2024\/03\/DALL\u00b7E-2024-03-04-12.06.24-A-cozy-Christmas-scene-in-an-office-setting-featuring-a-table-adorned-with-holiday-decorations-a-small-Christmas-tree-with-lights-wrapped-gifts-an-150x150.webp 150w, https:\/\/handproject.nl\/wp-content\/uploads\/2024\/03\/DALL\u00b7E-2024-03-04-12.06.24-A-cozy-Christmas-scene-in-an-office-setting-featuring-a-table-adorned-with-holiday-decorations-a-small-Christmas-tree-with-lights-wrapped-gifts-an-768x768.webp 768w, https:\/\/handproject.nl\/wp-content\/uploads\/2024\/03\/DALL\u00b7E-2024-03-04-12.06.24-A-cozy-Christmas-scene-in-an-office-setting-featuring-a-table-adorned-with-holiday-decorations-a-small-Christmas-tree-with-lights-wrapped-gifts-an-12x12.webp 12w\" sizes=\"(max-width: 1024px) 100vw, 1024px\" \/>\t\t\t\t\t\t\t\t\t\t\t\t\t\t\t<\/div>\n\t\t\t\t<\/div>\n\t\t\t\t<div class=\"elementor-element elementor-element-d7bdcd4 elementor-widget elementor-widget-spacer\" data-id=\"d7bdcd4\" data-element_type=\"widget\" data-widget_type=\"spacer.default\">\n\t\t\t\t<div class=\"elementor-widget-container\">\n\t\t\t\t\t\t\t<div class=\"elementor-spacer\">\n\t\t\t<div class=\"elementor-spacer-inner\"><\/div>\n\t\t<\/div>\n\t\t\t\t\t\t<\/div>\n\t\t\t\t<\/div>\n\t\t\t\t<div class=\"elementor-element elementor-element-abcf6ba elementor-widget elementor-widget-heading\" data-id=\"abcf6ba\" data-element_type=\"widget\" data-widget_type=\"heading.default\">\n\t\t\t\t<div class=\"elementor-widget-container\">\n\t\t\t\t\t<h2 class=\"elementor-heading-title elementor-size-default\">Celebrar la Navidad con un trabajo en equipo significativo<\/h2>\t\t\t\t<\/div>\n\t\t\t\t<\/div>\n\t\t\t\t<div class=\"elementor-element elementor-element-553fb28 elementor-widget elementor-widget-heading\" data-id=\"553fb28\" data-element_type=\"widget\" data-widget_type=\"heading.default\">\n\t\t\t\t<div class=\"elementor-widget-container\">\n\t\t\t\t\t<h2 class=\"elementor-heading-title elementor-size-default\">Actividades navide\u00f1as de creaci\u00f3n de equipos<\/h2>\t\t\t\t<\/div>\n\t\t\t\t<\/div>\n\t\t\t\t<div class=\"elementor-element elementor-element-c802224 elementor-widget elementor-widget-text-editor\" data-id=\"c802224\" data-element_type=\"widget\" data-widget_type=\"text-editor.default\">\n\t\t\t\t<div class=\"elementor-widget-container\">\n\t\t\t\t\t\t\t\t\t<div class=\"flex-1 overflow-hidden\">\n<div class=\"react-scroll-to-bottom--css-kgahc-79elbk h-full\">\n<div class=\"react-scroll-to-bottom--css-kgahc-1n7m0yu\">\n<div class=\"flex flex-col text-sm pb-9\">\n<div class=\"w-full text-token-text-primary\" data-testid=\"conversation-turn-67\">\n<div class=\"px-4 py-2 justify-center text-base md:gap-6 m-auto\">\n<div class=\"flex flex-1 text-base mx-auto gap-3 md:px-5 lg:px-1 xl:px-5 md:max-w-3xl lg:max-w-[40rem] xl:max-w-[48rem] group final-completion\">\n<div class=\"relative flex w-full flex-col agent-turn\">\n<div class=\"flex-col gap-1 md:gap-3\">\n<div class=\"flex flex-grow flex-col max-w-full\">\n<div class=\"min-h-[20px] text-message flex flex-col items-start gap-3 whitespace-pre-wrap break-words [.text-message+&amp;]:mt-5 overflow-x-auto\" data-message-author-role=\"assistant\" data-message-id=\"40348b23-c091-4e6e-9ec4-1027507c7100\">\n<div class=\"markdown prose w-full break-words dark:prose-invert light\">\n<p>La Navidad es algo m\u00e1s que una \u00e9poca festiva: es una oportunidad perfecta para <strong>realizar actividades navide\u00f1as de creaci\u00f3n de equipos<\/strong>. En The Handproject, creemos que esta \u00e9poca del a\u00f1o puede sacar lo mejor de los equipos, no s\u00f3lo a trav\u00e9s de la celebraci\u00f3n, sino tambi\u00e9n mediante una colaboraci\u00f3n y una donaci\u00f3n significativas. Nuestro evento \u00fanico de creaci\u00f3n de equipos est\u00e1 dise\u00f1ado espec\u00edficamente para reforzar la cohesi\u00f3n del equipo y encarnar el verdadero esp\u00edritu de la temporada: devolver. Participar en actividades que tienen un impacto positivo directo en los dem\u00e1s no s\u00f3lo acerca a los equipos, sino que tambi\u00e9n se alinea con el sincero esp\u00edritu navide\u00f1o.<\/p>\n<p>Acomp\u00e1\u00f1enos a descubrir c\u00f3mo su equipo puede celebrar estas fiestas de una forma realmente impactante, convirtiendo <strong>las actividades navide\u00f1as de creaci\u00f3n de<\/strong> equipos en una experiencia memorable y enriquecedora para todos los participantes.<\/p>\n<\/div>\n<\/div>\n<\/div>\n<\/div>\n<\/div>\n<\/div>\n<\/div>\n<\/div>\n<\/div>\n<\/div>\n<\/div>\n<\/div>\n\t\t\t\t\t\t\t\t<\/div>\n\t\t\t\t<\/div>\n\t\t\t\t<div class=\"elementor-element elementor-element-fcc4577 elementor-widget elementor-widget-heading\" data-id=\"fcc4577\" data-element_type=\"widget\" data-widget_type=\"heading.default\">\n\t\t\t\t<div class=\"elementor-widget-container\">\n\t\t\t\t\t<h2 class=\"elementor-heading-title elementor-size-default\">Por qu\u00e9 funcionan las actividades navide\u00f1as de creaci\u00f3n de equipos<\/h2>\t\t\t\t<\/div>\n\t\t\t\t<\/div>\n\t\t\t\t<div class=\"elementor-element elementor-element-0cfd8ca elementor-widget elementor-widget-text-editor\" data-id=\"0cfd8ca\" data-element_type=\"widget\" data-widget_type=\"text-editor.default\">\n\t\t\t\t<div class=\"elementor-widget-container\">\n\t\t\t\t\t\t\t\t\t<p>Participar en <strong>actividades de team building durante las vacaciones<\/strong> ofrece una combinaci\u00f3n \u00fanica de beneficios.<span style=\"text-align: var(--text-align); background-color: var(--ast-global-color-4); color: var(--ast-global-color-3); font-size: 1rem;\">  Tanto si busca una celebraci\u00f3n en la oficina como un proyecto comunitario, existe una amplia gama de opciones que pueden adaptarse a las preferencias y objetivos de su equipo. Esta adaptabilidad garantiza que todos los equipos, con independencia de su tama\u00f1o o ubicaci\u00f3n, puedan encontrar la forma perfecta de celebrar y retribuir durante las fiestas.<\/span><\/p>\n<p>Adem\u00e1s, <strong>las actividades navide\u00f1as de team building en la oficina<\/strong> tienen un profundo impacto que va m\u00e1s all\u00e1 del equipo: pueden contribuir positivamente a la sociedad. Al elegir actividades que tengan un componente ben\u00e9fico, los equipos pueden experimentar la alegr\u00eda de dar juntos. Esto no s\u00f3lo enriquece la experiencia de trabajo en equipo, sino que tambi\u00e9n se alinea con el esp\u00edritu de generosidad y apoyo a la comunidad de la temporada.<\/p>\n<p>En esencia, al incorporar <strong>actividades navide\u00f1as de creaci\u00f3n de equipos <\/strong>a sus planes para las fiestas, no s\u00f3lo estar\u00e1 celebrando, sino tambi\u00e9n creando un equipo m\u00e1s fuerte y mejor conectado.<\/p>\n\t\t\t\t\t\t\t\t<\/div>\n\t\t\t\t<\/div>\n\t\t\t\t\t<\/div>\n\t\t\t\t<\/div>\n\t\t<div data-particle_enable=\"false\" data-particle-mobile-disabled=\"false\" class=\"elementor-element elementor-element-65092b0 e-flex e-con-boxed e-con e-parent\" data-id=\"65092b0\" data-element_type=\"container\">\n\t\t\t\t\t<div class=\"e-con-inner\">\n\t\t<div data-particle_enable=\"false\" data-particle-mobile-disabled=\"false\" class=\"elementor-element elementor-element-dfcf846 e-con-full e-flex e-con e-child\" data-id=\"dfcf846\" data-element_type=\"container\">\n\t\t\t\t<div class=\"elementor-element elementor-element-6e176a5 elementor-widget elementor-widget-text-editor\" data-id=\"6e176a5\" data-element_type=\"widget\" data-widget_type=\"text-editor.default\">\n\t\t\t\t<div class=\"elementor-widget-container\">\n\t\t\t\t\t\t\t\t\t<h3>Nuestra actividad estrella de las vacaciones: Taller de montaje de pr\u00f3tesis de mano<\/h3>\n<div>\n<p>Celebre las fiestas con nuestro taller de montaje de manos prot\u00e9sicas, un complemento conmovedor para sus <strong>actividades navide\u00f1as de creaci\u00f3n de equipos en la oficina<\/strong>.<\/p>\n<p><strong>Principales conclusiones:<\/strong><\/p>\n<ul>\n<li><strong>Difunde la alegr\u00eda de las fiestas<\/strong>: Re\u00fane al equipo para compartir una experiencia alegre y significativa.<\/li>\n<li><strong>Regalos de dignidad<\/strong>: Cada mano ensamblada es un regalo de independencia para las personas amputadas, que encarna el esp\u00edritu solidario de la temporada.<\/li>\n<li><strong>Abraza la esencia de la Navidad<\/strong>: Fusiona la alegr\u00eda del trabajo en equipo con la profunda satisfacci\u00f3n de contribuir a una causa mundial.<\/li>\n<li><strong>Acoge a todos<\/strong>: Una actividad inclusiva que garantiza que todos los miembros del equipo puedan participar en el esp\u00edritu festivo de dar.<\/li>\n<\/ul>\n<p>Este taller no s\u00f3lo enriquecer\u00e1 sus vacaciones, sino que transformar\u00e1 <strong>las actividades navide\u00f1as de creaci\u00f3n de equipos en la oficina<\/strong> en una oportunidad para marcar la diferencia, repartiendo alegr\u00eda tanto dentro de su equipo como por todo el mundo.<\/p>\n<p>\u00bfQuiere saber m\u00e1s sobre nuestros talleres o discutir algunas posibilidades? No dudes en ponerte en <a href=\"https:\/\/handproject.nl\/es\/pongase-en-contacto-con\/\">contacto<\/a> con nosotros en info@handproject.nl o a trav\u00e9s de nuestra <a href=\"https:\/\/handproject.nl\/es\/pongase-en-contacto-con\/\">p\u00e1gina de contacto.<\/a><\/p>\n<\/div>\n\t\t\t\t\t\t\t\t<\/div>\n\t\t\t\t<\/div>\n\t\t\t\t<\/div>\n\t\t<div data-particle_enable=\"false\" data-particle-mobile-disabled=\"false\" class=\"elementor-element elementor-element-e4eddfb e-con-full e-flex e-con e-child\" data-id=\"e4eddfb\" data-element_type=\"container\">\n\t\t\t\t<div class=\"elementor-element elementor-element-b74b4c4 elementor-widget elementor-widget-image\" data-id=\"b74b4c4\" data-element_type=\"widget\" data-widget_type=\"image.default\">\n\t\t\t\t<div class=\"elementor-widget-container\">\n\t\t\t\t\t\t\t\t\t\t\t\t\t\t\t<img decoding=\"async\" width=\"768\" height=\"1024\" src=\"https:\/\/handproject.nl\/wp-content\/uploads\/2023\/12\/WhatsApp-Image-2023-11-22-at-14.35.17-1.jpeg\" class=\"attachment-large size-large wp-image-1827\" alt=\"kerst teambuilding activiteiten\" srcset=\"https:\/\/handproject.nl\/wp-content\/uploads\/2023\/12\/WhatsApp-Image-2023-11-22-at-14.35.17-1.jpeg 768w, https:\/\/handproject.nl\/wp-content\/uploads\/2023\/12\/WhatsApp-Image-2023-11-22-at-14.35.17-1-225x300.jpeg 225w, https:\/\/handproject.nl\/wp-content\/uploads\/2023\/12\/WhatsApp-Image-2023-11-22-at-14.35.17-1-9x12.jpeg 9w\" sizes=\"(max-width: 768px) 100vw, 768px\" \/>\t\t\t\t\t\t\t\t\t\t\t\t\t\t\t<\/div>\n\t\t\t\t<\/div>\n\t\t\t\t<\/div>\n\t\t\t\t\t<\/div>\n\t\t\t\t<\/div>\n\t\t<div data-particle_enable=\"false\" data-particle-mobile-disabled=\"false\" class=\"elementor-element elementor-element-8311291 e-flex e-con-boxed e-con e-parent\" data-id=\"8311291\" data-element_type=\"container\">\n\t\t\t\t\t<div class=\"e-con-inner\">\n\t\t\t\t<div class=\"elementor-element elementor-element-914cc4e elementor-widget elementor-widget-heading\" data-id=\"914cc4e\" data-element_type=\"widget\" data-widget_type=\"heading.default\">\n\t\t\t\t<div class=\"elementor-widget-container\">\n\t\t\t\t\t<h2 class=\"elementor-heading-title elementor-size-default\">Otras actividades festivas que marcan la diferencia<\/h2>\t\t\t\t<\/div>\n\t\t\t\t<\/div>\n\t\t\t\t<div class=\"elementor-element elementor-element-7078843 elementor-widget elementor-widget-text-editor\" data-id=\"7078843\" data-element_type=\"widget\" data-widget_type=\"text-editor.default\">\n\t\t\t\t<div class=\"elementor-widget-container\">\n\t\t\t\t\t\t\t\t\t<p>Adem\u00e1s de nuestro emblem\u00e1tico taller, considere estas conmovedoras <strong>actividades navide\u00f1as de creaci\u00f3n de equipos<\/strong> para celebrar a\u00fan m\u00e1s la \u00e9poca de los regalos:<\/p>\n<ul>\n<li><strong>Desaf\u00edo de la recogida<\/strong> de juguetes: Re\u00fane a tu equipo para recoger juguetes para los ni\u00f1os necesitados. Esta competici\u00f3n amistosa no s\u00f3lo alegra las fiestas a los ni\u00f1os, sino que tambi\u00e9n fomenta el esp\u00edritu de equipo.<\/li>\n<li><strong>Manualidades por una causa<\/strong>: Participa en la elaboraci\u00f3n de regalos o tarjetas hechos a mano para los acogidos en albergues u hospitales locales. Una actividad perfecta para equipos que buscan <strong>actividades corporativas de creaci\u00f3n de equipos cerca de m\u00ed<\/strong> que marquen una diferencia tangible.<\/li>\n<\/ul>\n<h3>Personalice su Team Building festivo<\/h3>\n<p>Somos conscientes de la importancia de adaptar las actividades a su equipo y a su comunidad. Tanto si se trata de nuestro taller de montaje de pr\u00f3tesis de mano como de cualquier otra actividad festiva, ofrecemos opciones de personalizaci\u00f3n para garantizar una adaptaci\u00f3n perfecta al tama\u00f1o de su equipo, sus objetivos y las necesidades espec\u00edficas de su comunidad. Esta flexibilidad incluye la incorporaci\u00f3n de <strong>actividades de creaci\u00f3n de equipos en Acci\u00f3n de Gracias<\/strong> para quienes deseen ampliar su impacto a lo largo de las fiestas.<\/p>\n\t\t\t\t\t\t\t\t<\/div>\n\t\t\t\t<\/div>\n\t\t\t\t<div class=\"elementor-element elementor-element-170793a elementor-widget elementor-widget-heading\" data-id=\"170793a\" data-element_type=\"widget\" data-widget_type=\"heading.default\">\n\t\t\t\t<div class=\"elementor-widget-container\">\n\t\t\t\t\t<h2 class=\"elementor-heading-title elementor-size-default\">Lleve la alegr\u00eda de dar a su trabajo en equipo<\/h2>\t\t\t\t<\/div>\n\t\t\t\t<\/div>\n\t\t\t\t<div class=\"elementor-element elementor-element-ed04843 elementor-widget elementor-widget-text-editor\" data-id=\"ed04843\" data-element_type=\"widget\" data-widget_type=\"text-editor.default\">\n\t\t\t\t<div class=\"elementor-widget-container\">\n\t\t\t\t\t\t\t\t\t<p>Estas Navidades, no pierdas la oportunidad de combinar la formaci\u00f3n de equipos con la alegr\u00eda de dar. P\u00f3ngase en contacto con <a href=\"https:\/\/handproject.nl\/es\/pongase-en-contacto-con\/\">The Handproject<\/a> para planificar sus <strong>actividades navide\u00f1as de creaci\u00f3n de equipos<\/strong>. Juntos, podemos crear una experiencia navide\u00f1a que no s\u00f3lo sea memorable para su equipo, sino que tambi\u00e9n tenga un impacto en la comunidad en general. Celebremos estas fiestas devolviendo, estrechando lazos y propagando una ola de alegr\u00eda y generosidad.<\/p>\n<p>\u00bfQuiere saber m\u00e1s sobre nuestro impacto?  <a href=\"https:\/\/handproject.nl\/es\/impacto\/\">Haga clic aqu\u00ed.<\/a>  \u00bfO sobre nuestra historia?<a href=\"https:\/\/handproject.org\/\">  Haga clic aqu\u00ed.<\/a><\/p>\n\t\t\t\t\t\t\t\t<\/div>\n\t\t\t\t<\/div>\n\t\t\t\t\t<\/div>\n\t\t\t\t<\/div>\n\t\t\t\t<\/div>\n\t\t","protected":false},"excerpt":{"rendered":"<p>Actividades navide\u00f1as de creaci\u00f3n de equipos &#8211; Ocasiones especiales Celebrar la Navidad con un trabajo en equipo significativo Actividades navide\u00f1as de creaci\u00f3n de equipos La Navidad es algo m\u00e1s que una \u00e9poca festiva: es una oportunidad perfecta para realizar actividades navide\u00f1as de creaci\u00f3n de equipos. En The Handproject, creemos que esta \u00e9poca del a\u00f1o puede [&hellip;]<\/p>\n","protected":false},"author":1,"featured_media":2783,"parent":0,"menu_order":0,"comment_status":"closed","ping_status":"closed","template":"","meta":{"_eb_attr":"","om_disable_all_campaigns":false,"_monsterinsights_skip_tracking":false,"_monsterinsights_sitenote_active":false,"_monsterinsights_sitenote_note":"","_monsterinsights_sitenote_category":0,"site-sidebar-layout":"no-sidebar","site-content-layout":"page-builder","ast-site-content-layout":"full-width-container","site-content-style":"unboxed","site-sidebar-style":"unboxed","ast-global-header-display":"","ast-banner-title-visibility":"","ast-main-header-display":"","ast-hfb-above-header-display":"","ast-hfb-below-header-display":"","ast-hfb-mobile-header-display":"","site-post-title":"disabled","ast-breadcrumbs-content":"","ast-featured-img":"disabled","footer-sml-layout":"","theme-transparent-header-meta":"","adv-header-id-meta":"","stick-header-meta":"","header-above-stick-meta":"","header-main-stick-meta":"","header-below-stick-meta":"","astra-migrate-meta-layouts":"default","ast-page-background-enabled":"default","ast-page-background-meta":{"desktop":{"background-color":"","background-image":"","background-repeat":"repeat","background-position":"center center","background-size":"auto","background-attachment":"scroll","background-type":"","background-media":"","overlay-type":"","overlay-color":"","overlay-gradient":""},"tablet":{"background-color":"","background-image":"","background-repeat":"repeat","background-position":"center center","background-size":"auto","background-attachment":"scroll","background-type":"","background-media":"","overlay-type":"","overlay-color":"","overlay-gradient":""},"mobile":{"background-color":"","background-image":"","background-repeat":"repeat","background-position":"center center","background-size":"auto","background-attachment":"scroll","background-type":"","background-media":"","overlay-type":"","overlay-color":"","overlay-gradient":""}},"ast-content-background-meta":{"desktop":{"background-color":"var(--ast-global-color-5)","background-image":"","background-repeat":"repeat","background-position":"center center","background-size":"auto","background-attachment":"scroll","background-type":"","background-media":"","overlay-type":"","overlay-color":"","overlay-gradient":""},"tablet":{"background-color":"var(--ast-global-color-5)","background-image":"","background-repeat":"repeat","background-position":"center center","background-size":"auto","background-attachment":"scroll","background-type":"","background-media":"","overlay-type":"","overlay-color":"","overlay-gradient":""},"mobile":{"background-color":"var(--ast-global-color-5)","background-image":"","background-repeat":"repeat","background-position":"center center","background-size":"auto","background-attachment":"scroll","background-type":"","background-media":"","overlay-type":"","overlay-color":"","overlay-gradient":""}},"footnotes":""},"class_list":["post-2804","page","type-page","status-publish","has-post-thumbnail","hentry"],"aioseo_notices":[],"_links":{"self":[{"href":"https:\/\/handproject.nl\/es\/wp-json\/wp\/v2\/pages\/2804","targetHints":{"allow":["GET"]}}],"collection":[{"href":"https:\/\/handproject.nl\/es\/wp-json\/wp\/v2\/pages"}],"about":[{"href":"https:\/\/handproject.nl\/es\/wp-json\/wp\/v2\/types\/page"}],"author":[{"embeddable":true,"href":"https:\/\/handproject.nl\/es\/wp-json\/wp\/v2\/users\/1"}],"replies":[{"embeddable":true,"href":"https:\/\/handproject.nl\/es\/wp-json\/wp\/v2\/comments?post=2804"}],"version-history":[{"count":7,"href":"https:\/\/handproject.nl\/es\/wp-json\/wp\/v2\/pages\/2804\/revisions"}],"predecessor-version":[{"id":3499,"href":"https:\/\/handproject.nl\/es\/wp-json\/wp\/v2\/pages\/2804\/revisions\/3499"}],"wp:featuredmedia":[{"embeddable":true,"href":"https:\/\/handproject.nl\/es\/wp-json\/wp\/v2\/media\/2783"}],"wp:attachment":[{"href":"https:\/\/handproject.nl\/es\/wp-json\/wp\/v2\/media?parent=2804"}],"curies":[{"name":"wp","href":"https:\/\/api.w.org\/{rel}","templated":true}]}}