{"id":2785,"date":"2024-03-06T12:53:39","date_gmt":"2024-03-06T11:53:39","guid":{"rendered":"https:\/\/handproject.nl\/gruppaktivitet-for-vuxna\/"},"modified":"2025-04-28T06:42:02","modified_gmt":"2025-04-28T04:42:02","slug":"gruppaktivitet-for-vuxna","status":"publish","type":"page","link":"https:\/\/handproject.nl\/sv\/gruppaktivitet-for-vuxna\/","title":{"rendered":"gruppaktivitet f\u00f6r vuxna"},"content":{"rendered":"\t\t<div data-elementor-type=\"wp-page\" data-elementor-id=\"2785\" class=\"elementor elementor-2785 elementor-2035\" data-elementor-post-type=\"page\">\n\t\t\t\t<div data-particle_enable=\"false\" data-particle-mobile-disabled=\"false\" class=\"elementor-element elementor-element-8c12d25 e-flex e-con-boxed e-con e-parent\" data-id=\"8c12d25\" data-element_type=\"container\">\n\t\t\t\t\t<div class=\"e-con-inner\">\n\t\t\t\t<div class=\"elementor-element elementor-element-5660597 elementor-widget elementor-widget-heading\" data-id=\"5660597\" data-element_type=\"widget\" data-widget_type=\"heading.default\">\n\t\t\t\t<div class=\"elementor-widget-container\">\n\t\t\t\t\t<h2 class=\"elementor-heading-title elementor-size-default\">Gruppaktiviteter f\u00f6r vuxna - The Hand Project<\/h2>\t\t\t\t<\/div>\n\t\t\t\t<\/div>\n\t\t\t\t\t<\/div>\n\t\t\t\t<\/div>\n\t\t<div data-particle_enable=\"false\" data-particle-mobile-disabled=\"false\" class=\"elementor-element elementor-element-8eea56f e-flex e-con-boxed e-con e-parent\" data-id=\"8eea56f\" data-element_type=\"container\">\n\t\t\t\t\t<div class=\"e-con-inner\">\n\t\t\t\t<div class=\"elementor-element elementor-element-b301e33 elementor-widget__width-initial elementor-widget elementor-widget-image\" data-id=\"b301e33\" data-element_type=\"widget\" data-widget_type=\"image.default\">\n\t\t\t\t<div class=\"elementor-widget-container\">\n\t\t\t\t\t\t\t\t\t\t\t\t\t\t\t<img fetchpriority=\"high\" decoding=\"async\" width=\"512\" height=\"512\" src=\"https:\/\/handproject.nl\/wp-content\/uploads\/2023\/02\/cropped-cropped-The-Hand-Project-no-tb-logo-hi-res.jpg\" class=\"attachment-large size-large wp-image-1655\" alt=\"Maatschappelijk verantwoordelijk teamuitje\" srcset=\"https:\/\/handproject.nl\/wp-content\/uploads\/2023\/02\/cropped-cropped-The-Hand-Project-no-tb-logo-hi-res.jpg 512w, https:\/\/handproject.nl\/wp-content\/uploads\/2023\/02\/cropped-cropped-The-Hand-Project-no-tb-logo-hi-res-300x300.jpg 300w, https:\/\/handproject.nl\/wp-content\/uploads\/2023\/02\/cropped-cropped-The-Hand-Project-no-tb-logo-hi-res-150x150.jpg 150w, https:\/\/handproject.nl\/wp-content\/uploads\/2023\/02\/cropped-cropped-The-Hand-Project-no-tb-logo-hi-res-12x12.jpg 12w, https:\/\/handproject.nl\/wp-content\/uploads\/2023\/02\/cropped-cropped-The-Hand-Project-no-tb-logo-hi-res-100x100.jpg 100w, https:\/\/handproject.nl\/wp-content\/uploads\/2023\/02\/cropped-cropped-The-Hand-Project-no-tb-logo-hi-res-270x270.jpg 270w, https:\/\/handproject.nl\/wp-content\/uploads\/2023\/02\/cropped-cropped-The-Hand-Project-no-tb-logo-hi-res-192x192.jpg 192w, https:\/\/handproject.nl\/wp-content\/uploads\/2023\/02\/cropped-cropped-The-Hand-Project-no-tb-logo-hi-res-180x180.jpg 180w, https:\/\/handproject.nl\/wp-content\/uploads\/2023\/02\/cropped-cropped-The-Hand-Project-no-tb-logo-hi-res-32x32.jpg 32w\" sizes=\"(max-width: 512px) 100vw, 512px\" \/>\t\t\t\t\t\t\t\t\t\t\t\t\t\t\t<\/div>\n\t\t\t\t<\/div>\n\t\t\t\t\t<\/div>\n\t\t\t\t<\/div>\n\t\t<div data-particle_enable=\"false\" data-particle-mobile-disabled=\"false\" class=\"elementor-element elementor-element-95b626b e-flex e-con-boxed e-con e-parent\" data-id=\"95b626b\" data-element_type=\"container\">\n\t\t\t\t\t<div class=\"e-con-inner\">\n\t\t\t\t<div class=\"elementor-element elementor-element-bea03b6 elementor-widget elementor-widget-spacer\" data-id=\"bea03b6\" data-element_type=\"widget\" data-widget_type=\"spacer.default\">\n\t\t\t\t<div class=\"elementor-widget-container\">\n\t\t\t\t\t\t\t<div class=\"elementor-spacer\">\n\t\t\t<div class=\"elementor-spacer-inner\"><\/div>\n\t\t<\/div>\n\t\t\t\t\t\t<\/div>\n\t\t\t\t<\/div>\n\t\t\t\t<div class=\"elementor-element elementor-element-3794f05 elementor-widget elementor-widget-heading\" data-id=\"3794f05\" data-element_type=\"widget\" data-widget_type=\"heading.default\">\n\t\t\t\t<div class=\"elementor-widget-container\">\n\t\t\t\t\t<h2 class=\"elementor-heading-title elementor-size-default\">St\u00e4rkande gruppaktiviteter f\u00f6r vuxna<\/h2>\t\t\t\t<\/div>\n\t\t\t\t<\/div>\n\t\t\t\t<div class=\"elementor-element elementor-element-2c862eb elementor-widget elementor-widget-heading\" data-id=\"2c862eb\" data-element_type=\"widget\" data-widget_type=\"heading.default\">\n\t\t\t\t<div class=\"elementor-widget-container\">\n\t\t\t\t\t<h2 class=\"elementor-heading-title elementor-size-default\">Gruppaktivitet f\u00f6r vuxna: Empowerment genom handprojektverkstad<\/h2>\t\t\t\t<\/div>\n\t\t\t\t<\/div>\n\t\t\t\t<div class=\"elementor-element elementor-element-38bcb8c elementor-widget elementor-widget-text-editor\" data-id=\"38bcb8c\" data-element_type=\"widget\" data-widget_type=\"text-editor.default\">\n\t\t\t\t<div class=\"elementor-widget-container\">\n\t\t\t\t\t\t\t\t\t<p>Delta i en transformativ <strong>gruppaktivitet f\u00f6r vuxna<\/strong> med The Handprojects workshop. Det \u00e4r en inbjudan att delta i en meningsfull upplevelse som fr\u00e4mjar lagarbete, empati och personlig utveckling, samtidigt som man bidrar till en viktig global sak. Denna unika workshop f\u00f6r inte bara samman m\u00e4nniskor utan g\u00f6r det ocks\u00e5 med ett syfte som str\u00e4cker sig bortom den n\u00e4rmaste gruppen och p\u00e5verkar liv runt om i v\u00e4rlden.<\/p>\n\t\t\t\t\t\t\t\t<\/div>\n\t\t\t\t<\/div>\n\t\t\t\t<div class=\"elementor-element elementor-element-b470def elementor-widget elementor-widget-spacer\" data-id=\"b470def\" data-element_type=\"widget\" data-widget_type=\"spacer.default\">\n\t\t\t\t<div class=\"elementor-widget-container\">\n\t\t\t\t\t\t\t<div class=\"elementor-spacer\">\n\t\t\t<div class=\"elementor-spacer-inner\"><\/div>\n\t\t<\/div>\n\t\t\t\t\t\t<\/div>\n\t\t\t\t<\/div>\n\t\t\t\t\t<\/div>\n\t\t\t\t<\/div>\n\t\t<div data-particle_enable=\"false\" data-particle-mobile-disabled=\"false\" class=\"elementor-element elementor-element-f147801 e-flex e-con-boxed e-con e-parent\" data-id=\"f147801\" data-element_type=\"container\">\n\t\t\t\t\t<div class=\"e-con-inner\">\n\t\t<div data-particle_enable=\"false\" data-particle-mobile-disabled=\"false\" class=\"elementor-element elementor-element-277b7f2 e-con-full e-flex e-con e-child\" data-id=\"277b7f2\" data-element_type=\"container\">\n\t\t\t\t<div class=\"elementor-element elementor-element-f3fbdf6 elementor-widget elementor-widget-text-editor\" data-id=\"f3fbdf6\" data-element_type=\"widget\" data-widget_type=\"text-editor.default\">\n\t\t\t\t<div class=\"elementor-widget-container\">\n\t\t\t\t\t\t\t\t\t<h4>Engagera, koppla samman och l\u00e4r: En unik inl\u00e4rningsaktivitet f\u00f6r vuxna<\/h4><p>Dyk ner i The Handprojects workshop, en o\u00f6vertr\u00e4ffad <strong>inl\u00e4rningsaktivitet f\u00f6r vuxna<\/strong>. Denna workshop fokuserar p\u00e5 montering av handproteser och syftar till att skapa starkare kontakter och f\u00e4rdigheter p\u00e5 ett enkelt och effektivt s\u00e4tt. De handproteser som du och ditt team kommer att s\u00e4tta ihop kommer att doneras till m\u00e4nniskor i utvecklingsl\u00e4nder som annars skulle vara fast utan en hand.<\/p><ul><li><p><strong>Evenemang med egen<\/strong> handledning: V\u00e5rt alternativ med egen handledning \u00e4r perfekt f\u00f6r mindre grupper och inneh\u00e5ller allt som beh\u00f6vs, inklusive en handutrustning och en professionell presentation. Med detta uppl\u00e4gg kan grupperna r\u00f6ra sig i sin egen takt och enkelt anpassa sig till olika milj\u00f6er och tillf\u00e4llen. Det \u00e4r en perfekt <strong>gruppaktivitet f\u00f6r vuxna<\/strong> som kombinerar enkelhet med betydande personlig och kollektiv utveckling.<\/p><\/li><li><p><strong>Handsats-upps\u00e4ttningar<\/strong>: F\u00f6r mer fokuserat engagemang, v\u00e4lj v\u00e5rt handkit-set. <span style=\"text-align: var(--text-align); background-color: var(--ast-global-color-4); color: var(--ast-global-color-3);\">Du kan montera en funktionell handprotes hemma tillsammans med din familj eller v\u00e4nner. Vilken fantastisk id\u00e9 f\u00f6r en unik och best\u00e5ende g\u00e5va! (Kostnad: 250,00 \u20ac plus moms och frakt)<\/span><\/p><p style=\"font-size: 15px; font-style: normal; font-weight: 400;\">Du kommer att f\u00e5 allt du beh\u00f6ver f\u00f6r att montera en hand PLUS l\u00e4nkar till en ber\u00e4ttad PowerPoint-presentation om The Hand Project f\u00f6r att ge dig bakgrund och extra motivation.<\/p><p style=\"font-size: 15px; font-style: normal; font-weight: 400;\">N\u00e4r du \u00e4r klar skickar du bara tillbaka den f\u00e4rdiga handen med hj\u00e4lp av returfraktsedeln.<\/p><\/li><\/ul><p>L\u00e4s mer om alla v\u00e5ra <a href=\"https:\/\/handproject.nl\/events\/\">workshopalternativ h\u00e4r!<\/a><\/p>\t\t\t\t\t\t\t\t<\/div>\n\t\t\t\t<\/div>\n\t\t\t\t<\/div>\n\t\t<div data-particle_enable=\"false\" data-particle-mobile-disabled=\"false\" class=\"elementor-element elementor-element-abc5971 e-con-full e-flex e-con e-child\" data-id=\"abc5971\" data-element_type=\"container\">\n\t\t\t\t<div class=\"elementor-element elementor-element-8f5b335 elementor-widget elementor-widget-image\" data-id=\"8f5b335\" data-element_type=\"widget\" data-widget_type=\"image.default\">\n\t\t\t\t<div class=\"elementor-widget-container\">\n\t\t\t\t\t\t\t\t\t\t\t\t\t\t\t<img decoding=\"async\" width=\"768\" height=\"1024\" src=\"https:\/\/handproject.nl\/wp-content\/uploads\/2023\/10\/20230829_122758-768x1024.jpg\" class=\"attachment-large size-large wp-image-1162\" alt=\"groepsactiviteiten voor volwassenen\" srcset=\"https:\/\/handproject.nl\/wp-content\/uploads\/2023\/10\/20230829_122758-768x1024.jpg 768w, https:\/\/handproject.nl\/wp-content\/uploads\/2023\/10\/20230829_122758-scaled-600x800.jpg 600w, https:\/\/handproject.nl\/wp-content\/uploads\/2023\/10\/20230829_122758-225x300.jpg 225w, https:\/\/handproject.nl\/wp-content\/uploads\/2023\/10\/20230829_122758-1152x1536.jpg 1152w, https:\/\/handproject.nl\/wp-content\/uploads\/2023\/10\/20230829_122758-1536x2048.jpg 1536w, https:\/\/handproject.nl\/wp-content\/uploads\/2023\/10\/20230829_122758-9x12.jpg 9w, https:\/\/handproject.nl\/wp-content\/uploads\/2023\/10\/20230829_122758-scaled.jpg 1920w\" sizes=\"(max-width: 768px) 100vw, 768px\" \/>\t\t\t\t\t\t\t\t\t\t\t\t\t\t\t<\/div>\n\t\t\t\t<\/div>\n\t\t\t\t<\/div>\n\t\t\t\t\t<\/div>\n\t\t\t\t<\/div>\n\t\t<div data-particle_enable=\"false\" data-particle-mobile-disabled=\"false\" class=\"elementor-element elementor-element-b236b3a e-flex e-con-boxed e-con e-parent\" data-id=\"b236b3a\" data-element_type=\"container\">\n\t\t\t\t\t<div class=\"e-con-inner\">\n\t\t\t\t<div class=\"elementor-element elementor-element-3adf34a elementor-widget elementor-widget-text-editor\" data-id=\"3adf34a\" data-element_type=\"widget\" data-widget_type=\"text-editor.default\">\n\t\t\t\t<div class=\"elementor-widget-container\">\n\t\t\t\t\t\t\t\t\t<h4>Anpassa din gruppaktivitet f\u00f6r vuxna med The Handproject<\/h4>\n<p>Justera och finjustera er <strong>gruppaktivitet f\u00f6r vuxna<\/strong> s\u00e5 att den passar perfekt med ert teams intressen och m\u00e5l. Oavsett om du v\u00e4ljer en sj\u00e4lvguidad workshop eller individuella handkit-set, engagerar sig The Handproject f\u00f6r att g\u00f6ra din upplevelse givande, effektfull och minnesv\u00e4rd. G\u00e5 s\u00f6ml\u00f6st mellan alternativen f\u00f6r att hitta det som passar just din grupp, s\u00e5 att alla deltagare kan dra nytta av denna unika m\u00f6jlighet.<\/p>\n<p style=\"border-style: solid; border-color: #e3e3e3; --tw-border-spacing-x: 0; --tw-border-spacing-y: 0; --tw-translate-x: 0; --tw-translate-y: 0; --tw-rotate: 0; --tw-skew-x: 0; --tw-skew-y: 0; --tw-scale-x: 1; --tw-scale-y: 1; --tw-scroll-snap-strictness: proximity; --tw-ring-offset-width: 0px; --tw-ring-offset-color: #fff; --tw-ring-color: rgba(69,89,164,.5); --tw-ring-offset-shadow: 0 0 transparent; --tw-ring-shadow: 0 0 transparent; --tw-shadow: 0 0 transparent; --tw-shadow-colored: 0 0 transparent; margin-bottom: 0px; color: #0d0d0d; font-family: S\u00f6hne, ui-sans-serif, system-ui, -apple-system, 'Segoe UI', Roboto, Ubuntu, Cantarell, 'Noto Sans', sans-serif, 'Helvetica Neue', Arial, 'Apple Color Emoji', 'Segoe UI Emoji', 'Segoe UI Symbol', 'Noto Color Emoji'; font-size: 16px; font-style: normal; font-weight: 400; white-space-collapse: preserve; background-color: #ffffff;\">Om du vill veta mer om hur vi kan p\u00e5verka tillsammans kan du titta p\u00e5 en kort<a href=\"https:\/\/vimeo.com\/881155487\">video p\u00e5 en minut p\u00e5 Vimeo<\/a>.<\/p>\n\t\t\t\t\t\t\t\t<\/div>\n\t\t\t\t<\/div>\n\t\t\t\t\t<\/div>\n\t\t\t\t<\/div>\n\t\t<div data-particle_enable=\"false\" data-particle-mobile-disabled=\"false\" class=\"elementor-element elementor-element-3200c2e e-flex e-con-boxed e-con e-parent\" data-id=\"3200c2e\" data-element_type=\"container\">\n\t\t\t\t\t<div class=\"e-con-inner\">\n\t\t\t\t<div class=\"elementor-element elementor-element-64b074d elementor-widget elementor-widget-text-editor\" data-id=\"64b074d\" data-element_type=\"widget\" data-widget_type=\"text-editor.default\">\n\t\t\t\t<div class=\"elementor-widget-container\">\n\t\t\t\t\t\t\t\t\t<h4>Ta ett steg fram\u00e5t med The Handproject<\/h4>\n<p>Dyk ner i en <strong>gruppaktivitet f\u00f6r vuxna<\/strong> som \u00e4r helt unik. Kontakta <a href=\"https:\/\/handproject.nl\/contact\/\">The Handproject<\/a> idag f\u00f6r att v\u00e4lja ditt f\u00f6redragna workshopformat och skapa verklig konkret p\u00e5verkan!  <\/p>\n<p>Kontakta oss g\u00e4rna p\u00e5 info@handproject.nl eller bes\u00f6k v\u00e5r<a href=\"https:\/\/handproject.nl\/contact\/\"> kontaktsida!<\/a><\/p>\n\t\t\t\t\t\t\t\t<\/div>\n\t\t\t\t<\/div>\n\t\t\t\t\t<\/div>\n\t\t\t\t<\/div>\n\t\t\t\t<\/div>\n\t\t","protected":false},"excerpt":{"rendered":"<p>Gruppaktiviteter f\u00f6r vuxna &#8211; The Hand Project St\u00e4rkande gruppaktiviteter f\u00f6r vuxna Gruppaktivitet f\u00f6r vuxna: Empowerment genom handprojektverkstad Delta i en transformativ gruppaktivitet f\u00f6r vuxna med The Handprojects workshop. Det \u00e4r en inbjudan att delta i en meningsfull upplevelse som fr\u00e4mjar lagarbete, empati och personlig utveckling, samtidigt som man bidrar till en viktig global sak. Denna [&hellip;]<\/p>\n","protected":false},"author":1,"featured_media":2721,"parent":0,"menu_order":0,"comment_status":"closed","ping_status":"closed","template":"","meta":{"_eb_attr":"","om_disable_all_campaigns":false,"_monsterinsights_skip_tracking":false,"_monsterinsights_sitenote_active":false,"_monsterinsights_sitenote_note":"","_monsterinsights_sitenote_category":0,"site-sidebar-layout":"no-sidebar","site-content-layout":"page-builder","ast-site-content-layout":"","site-content-style":"default","site-sidebar-style":"default","ast-global-header-display":"","ast-banner-title-visibility":"","ast-main-header-display":"","ast-hfb-above-header-display":"","ast-hfb-below-header-display":"","ast-hfb-mobile-header-display":"","site-post-title":"disabled","ast-breadcrumbs-content":"","ast-featured-img":"disabled","footer-sml-layout":"","theme-transparent-header-meta":"","adv-header-id-meta":"","stick-header-meta":"","header-above-stick-meta":"","header-main-stick-meta":"","header-below-stick-meta":"","astra-migrate-meta-layouts":"default","ast-page-background-enabled":"default","ast-page-background-meta":{"desktop":{"background-color":"","background-image":"","background-repeat":"repeat","background-position":"center center","background-size":"auto","background-attachment":"scroll","background-type":"","background-media":"","overlay-type":"","overlay-color":"","overlay-gradient":""},"tablet":{"background-color":"","background-image":"","background-repeat":"repeat","background-position":"center center","background-size":"auto","background-attachment":"scroll","background-type":"","background-media":"","overlay-type":"","overlay-color":"","overlay-gradient":""},"mobile":{"background-color":"","background-image":"","background-repeat":"repeat","background-position":"center center","background-size":"auto","background-attachment":"scroll","background-type":"","background-media":"","overlay-type":"","overlay-color":"","overlay-gradient":""}},"ast-content-background-meta":{"desktop":{"background-color":"var(--ast-global-color-5)","background-image":"","background-repeat":"repeat","background-position":"center center","background-size":"auto","background-attachment":"scroll","background-type":"","background-media":"","overlay-type":"","overlay-color":"","overlay-gradient":""},"tablet":{"background-color":"var(--ast-global-color-5)","background-image":"","background-repeat":"repeat","background-position":"center center","background-size":"auto","background-attachment":"scroll","background-type":"","background-media":"","overlay-type":"","overlay-color":"","overlay-gradient":""},"mobile":{"background-color":"var(--ast-global-color-5)","background-image":"","background-repeat":"repeat","background-position":"center center","background-size":"auto","background-attachment":"scroll","background-type":"","background-media":"","overlay-type":"","overlay-color":"","overlay-gradient":""}},"footnotes":""},"class_list":["post-2785","page","type-page","status-publish","has-post-thumbnail","hentry"],"aioseo_notices":[],"_links":{"self":[{"href":"https:\/\/handproject.nl\/sv\/wp-json\/wp\/v2\/pages\/2785","targetHints":{"allow":["GET"]}}],"collection":[{"href":"https:\/\/handproject.nl\/sv\/wp-json\/wp\/v2\/pages"}],"about":[{"href":"https:\/\/handproject.nl\/sv\/wp-json\/wp\/v2\/types\/page"}],"author":[{"embeddable":true,"href":"https:\/\/handproject.nl\/sv\/wp-json\/wp\/v2\/users\/1"}],"replies":[{"embeddable":true,"href":"https:\/\/handproject.nl\/sv\/wp-json\/wp\/v2\/comments?post=2785"}],"version-history":[{"count":5,"href":"https:\/\/handproject.nl\/sv\/wp-json\/wp\/v2\/pages\/2785\/revisions"}],"predecessor-version":[{"id":4130,"href":"https:\/\/handproject.nl\/sv\/wp-json\/wp\/v2\/pages\/2785\/revisions\/4130"}],"wp:featuredmedia":[{"embeddable":true,"href":"https:\/\/handproject.nl\/sv\/wp-json\/wp\/v2\/media\/2721"}],"wp:attachment":[{"href":"https:\/\/handproject.nl\/sv\/wp-json\/wp\/v2\/media?parent=2785"}],"curies":[{"name":"wp","href":"https:\/\/api.w.org\/{rel}","templated":true}]}}