{"id":2789,"date":"2024-03-06T13:29:11","date_gmt":"2024-03-06T12:29:11","guid":{"rendered":"https:\/\/handproject.nl\/ideer-for-foretagsevent-for-anstallda\/"},"modified":"2025-04-28T06:42:24","modified_gmt":"2025-04-28T04:42:24","slug":"ideer-for-foretagsevent-for-anstallda","status":"publish","type":"page","link":"https:\/\/handproject.nl\/sv\/ideer-for-foretagsevent-for-anstallda\/","title":{"rendered":"id\u00e9er f\u00f6r f\u00f6retagsevent f\u00f6r anst\u00e4llda"},"content":{"rendered":"\t\t<div data-elementor-type=\"wp-page\" data-elementor-id=\"2789\" class=\"elementor elementor-2789 elementor-2043\" data-elementor-post-type=\"page\">\n\t\t\t\t<div data-particle_enable=\"false\" data-particle-mobile-disabled=\"false\" class=\"elementor-element elementor-element-7f10103 e-flex e-con-boxed e-con e-parent\" data-id=\"7f10103\" data-element_type=\"container\">\n\t\t\t\t\t<div class=\"e-con-inner\">\n\t\t\t\t<div class=\"elementor-element elementor-element-bfde1ba elementor-widget elementor-widget-heading\" data-id=\"bfde1ba\" data-element_type=\"widget\" data-widget_type=\"heading.default\">\n\t\t\t\t<div class=\"elementor-widget-container\">\n\t\t\t\t\t<h2 class=\"elementor-heading-title elementor-size-default\">F\u00f6retagsteam - Id\u00e9er f\u00f6r f\u00f6retagsevent f\u00f6r anst\u00e4llda<\/h2>\t\t\t\t<\/div>\n\t\t\t\t<\/div>\n\t\t\t\t<div class=\"elementor-element elementor-element-b3560ee elementor-widget elementor-widget-spacer\" data-id=\"b3560ee\" data-element_type=\"widget\" data-widget_type=\"spacer.default\">\n\t\t\t\t<div class=\"elementor-widget-container\">\n\t\t\t\t\t\t\t<div class=\"elementor-spacer\">\n\t\t\t<div class=\"elementor-spacer-inner\"><\/div>\n\t\t<\/div>\n\t\t\t\t\t\t<\/div>\n\t\t\t\t<\/div>\n\t\t\t\t<div class=\"elementor-element elementor-element-7f52816 elementor-widget__width-initial elementor-widget elementor-widget-image\" data-id=\"7f52816\" data-element_type=\"widget\" data-widget_type=\"image.default\">\n\t\t\t\t<div class=\"elementor-widget-container\">\n\t\t\t\t\t\t\t\t\t\t\t\t\t\t\t<img fetchpriority=\"high\" decoding=\"async\" width=\"1024\" height=\"768\" src=\"https:\/\/handproject.nl\/wp-content\/uploads\/2023\/09\/IMG_7319-1024x768.jpg\" class=\"attachment-large size-large wp-image-1094\" alt=\"idee\u00ebn voor bedrijf evenementen werknemers\" srcset=\"https:\/\/handproject.nl\/wp-content\/uploads\/2023\/09\/IMG_7319-1024x768.jpg 1024w, https:\/\/handproject.nl\/wp-content\/uploads\/2023\/09\/IMG_7319-scaled-600x450.jpg 600w, https:\/\/handproject.nl\/wp-content\/uploads\/2023\/09\/IMG_7319-300x225.jpg 300w, https:\/\/handproject.nl\/wp-content\/uploads\/2023\/09\/IMG_7319-768x576.jpg 768w, https:\/\/handproject.nl\/wp-content\/uploads\/2023\/09\/IMG_7319-1536x1152.jpg 1536w, https:\/\/handproject.nl\/wp-content\/uploads\/2023\/09\/IMG_7319-2048x1536.jpg 2048w\" sizes=\"(max-width: 1024px) 100vw, 1024px\" \/>\t\t\t\t\t\t\t\t\t\t\t\t\t\t\t<\/div>\n\t\t\t\t<\/div>\n\t\t\t\t<div class=\"elementor-element elementor-element-3747815 elementor-widget elementor-widget-spacer\" data-id=\"3747815\" data-element_type=\"widget\" data-widget_type=\"spacer.default\">\n\t\t\t\t<div class=\"elementor-widget-container\">\n\t\t\t\t\t\t\t<div class=\"elementor-spacer\">\n\t\t\t<div class=\"elementor-spacer-inner\"><\/div>\n\t\t<\/div>\n\t\t\t\t\t\t<\/div>\n\t\t\t\t<\/div>\n\t\t\t\t<div class=\"elementor-element elementor-element-c684a81 elementor-widget elementor-widget-heading\" data-id=\"c684a81\" data-element_type=\"widget\" data-widget_type=\"heading.default\">\n\t\t\t\t<div class=\"elementor-widget-container\">\n\t\t\t\t\t<h2 class=\"elementor-heading-title elementor-size-default\">Innovativa id\u00e9er f\u00f6r f\u00f6retagsevent f\u00f6r anst\u00e4llda<\/h2>\t\t\t\t<\/div>\n\t\t\t\t<\/div>\n\t\t\t\t<div class=\"elementor-element elementor-element-2903855 elementor-widget elementor-widget-text-editor\" data-id=\"2903855\" data-element_type=\"widget\" data-widget_type=\"text-editor.default\">\n\t\t\t\t<div class=\"elementor-widget-container\">\n\t\t\t\t\t\t\t\t\t<p>V\u00e4lkommen! Letar du efter <strong style=\"font-size: 15px; font-style: inherit; text-align: var(--text-align); background-color: var(--ast-global-color-4); color: var(--ast-global-color-3); font-family: Roboto, sans-serif;\">id\u00e9er f\u00f6r f\u00f6retagsevenemang f\u00f6r anst\u00e4llda<\/strong><span style=\"font-size: 15px; font-style: inherit; font-weight: inherit; text-align: var(--text-align); background-color: var(--ast-global-color-4); color: var(--ast-global-color-3); font-family: Roboto, sans-serif;\">  som sticker ut fr\u00e5n det vanliga? D\u00e5 har du kommit till r\u00e4tt st\u00e4lle. P\u00e5 The Handproject lyfter vi teambuilding till en ny sp\u00e4nnande niv\u00e5 och erbjuder unika aktiviteter som inte bara f\u00f6r teamen n\u00e4rmare varandra utan ocks\u00e5 bidrar positivt till omv\u00e4rlden.<\/span><\/p>\n<p>Redan fr\u00e5n b\u00f6rjan kan du f\u00f6rest\u00e4lla dig att ditt team engagerar sig i n\u00e5got alldeles speciellt. V\u00e5ra workshops \u00e4r utformade f\u00f6r att st\u00e4rka banden, uppmuntra innovation och fr\u00e4mja en k\u00e4nsla av gemenskap, samtidigt som de g\u00f6r en p\u00e5taglig skillnad i andras liv. Oavsett om ditt m\u00e5l \u00e4r att h\u00f6ja arbetsmoralen, utveckla f\u00e4rdigheter eller bara njuta av en paus fr\u00e5n kontorsrutinen, s\u00e5 har vi det h\u00e4r f\u00f6r dig.<\/p>\n\t\t\t\t\t\t\t\t<\/div>\n\t\t\t\t<\/div>\n\t\t\t\t\t<\/div>\n\t\t\t\t<\/div>\n\t\t<div data-particle_enable=\"false\" data-particle-mobile-disabled=\"false\" class=\"elementor-element elementor-element-237674f e-flex e-con-boxed e-con e-parent\" data-id=\"237674f\" data-element_type=\"container\">\n\t\t\t\t\t<div class=\"e-con-inner\">\n\t\t<div data-particle_enable=\"false\" data-particle-mobile-disabled=\"false\" class=\"elementor-element elementor-element-65f18b8 e-con-full e-flex e-con e-child\" data-id=\"65f18b8\" data-element_type=\"container\">\n\t\t\t\t<div class=\"elementor-element elementor-element-857ab08 elementor-widget elementor-widget-text-editor\" data-id=\"857ab08\" data-element_type=\"widget\" data-widget_type=\"text-editor.default\">\n\t\t\t\t<div class=\"elementor-widget-container\">\n\t\t\t\t\t\t\t\t\t<h3>Engagerande workshops f\u00f6r ledningsgrupper<\/h3>\n<p>V\u00e5ra specialiserade workshops \u00e4r perfekta f\u00f6r att <b>bygga<\/b> upp ledningsgrupper. De \u00e4r utformade f\u00f6r att st\u00e4rka ledarskapsf\u00f6rm\u00e5gan, det strategiska t\u00e4nkandet och empatin. Hur d\u00e5?  <strong>Genom att montera handproteser.<\/strong>  Denna unika aktivitet \u00e4r mer \u00e4n bara en uppgift &#8211; det \u00e4r en kraftfull metafor f\u00f6r probleml\u00f6sning, innovation och att uppn\u00e5 gemensamma m\u00e5l. Genom detta l\u00e4r sig cheferna att hantera utmaningar p\u00e5 ett kreativt och samarbetsinriktat s\u00e4tt, vilket st\u00e4rker deras roll som ledare och innovat\u00f6rer.<\/p>\n<h3><strong>id\u00e9er f\u00f6r f\u00f6retagsevent f\u00f6r anst\u00e4llda<\/strong><\/h3>\n<p>Letar du efter <strong>id\u00e9er f\u00f6r f\u00f6retagsevent f\u00f6r anst\u00e4llda<\/strong>? T\u00e4nk p\u00e5 The Handprojects unika workshop f\u00f6r alla, som st\u00e4rker f\u00f6retagsmoralen och CSR.<\/p>\n<ul>\n<li><strong>Bred till\u00e4mpning av f\u00e4rdigheter<\/strong>: Montering av handproteser \u00f6kar precisionen och teamarbetet och passar alla anst\u00e4llda, inte bara ingenj\u00f6rer.<\/li>\n<li>H\u00f6jer <strong>moralen p\u00e5 f\u00f6retaget<\/strong>: Att arbeta tillsammans med ett meningsfullt projekt h\u00f6jer moralen och skapar en k\u00e4nsla av samh\u00f6righet.<\/li>\n<li><strong>St\u00f6djer CSR-m\u00e5len<\/strong>: Bidrar positivt till f\u00f6retagens sociala ansvar genom att g\u00f6ra en p\u00e5taglig skillnad i v\u00e4rlden.<\/li>\n<\/ul>\n<p>Denna workshop erbjuder ett m\u00e5ngsidigt och effektivt s\u00e4tt att engagera anst\u00e4llda, f\u00f6rb\u00e4ttra moralen och anpassa sig till CSR-m\u00e5len.<\/p>\n<h3>  F\u00f6retagsresor med ett syfte<\/h3>\n<p>Slutligen f\u00f6resl\u00e5r vi <strong>f\u00f6retagsdagar<\/strong> som kombinerar engagemang med p\u00e5verkan. Att ta ett steg bort fr\u00e5n den vanliga kontorsmilj\u00f6n med The Handproject erbjuder en uppfriskande milj\u00f6ombyte och en unik m\u00f6jlighet att st\u00e4rka teamk\u00e4nslan. Dessa bortadagar \u00e4r utformade f\u00f6r att uppdatera perspektiv och odla en gemensam k\u00e4nsla av prestation genom att bidra till en meningsfull sak. D\u00e4rf\u00f6r \u00e4r det ett utm\u00e4rkt s\u00e4tt att ge ditt team energi och f\u00f6rst\u00e4rka v\u00e4rdet av samarbete och m\u00e5lmedvetet arbete.<\/p>\n\t\t\t\t\t\t\t\t<\/div>\n\t\t\t\t<\/div>\n\t\t\t\t<\/div>\n\t\t<div data-particle_enable=\"false\" data-particle-mobile-disabled=\"false\" class=\"elementor-element elementor-element-6548183 e-con-full e-flex e-con e-child\" data-id=\"6548183\" data-element_type=\"container\">\n\t\t\t\t<div class=\"elementor-element elementor-element-be7a530 elementor-widget elementor-widget-image\" data-id=\"be7a530\" data-element_type=\"widget\" data-widget_type=\"image.default\">\n\t\t\t\t<div class=\"elementor-widget-container\">\n\t\t\t\t\t\t\t\t\t\t\t\t\t\t\t<img decoding=\"async\" width=\"500\" height=\"667\" src=\"https:\/\/handproject.nl\/wp-content\/uploads\/2023\/08\/Small-boy-ironmen-1.jpg\" class=\"attachment-large size-large wp-image-917\" alt=\"idee\u00ebn voor bedrijf evenementen voor werknemers\" srcset=\"https:\/\/handproject.nl\/wp-content\/uploads\/2023\/08\/Small-boy-ironmen-1.jpg 500w, https:\/\/handproject.nl\/wp-content\/uploads\/2023\/08\/Small-boy-ironmen-1-225x300.jpg 225w\" sizes=\"(max-width: 500px) 100vw, 500px\" \/>\t\t\t\t\t\t\t\t\t\t\t\t\t\t\t<\/div>\n\t\t\t\t<\/div>\n\t\t\t\t<\/div>\n\t\t\t\t\t<\/div>\n\t\t\t\t<\/div>\n\t\t<div data-particle_enable=\"false\" data-particle-mobile-disabled=\"false\" class=\"elementor-element elementor-element-8e2b3af e-flex e-con-boxed e-con e-parent\" data-id=\"8e2b3af\" data-element_type=\"container\">\n\t\t\t\t\t<div class=\"e-con-inner\">\n\t\t\t\t<div class=\"elementor-element elementor-element-8ba784d elementor-widget elementor-widget-text-editor\" data-id=\"8ba784d\" data-element_type=\"widget\" data-widget_type=\"text-editor.default\">\n\t\t\t\t<div class=\"elementor-widget-container\">\n\t\t\t\t\t\t\t\t\t<p>Genom dessa skr\u00e4ddarsydda workshops och aktiviteter erbjuder The Handproject olika och meningsfulla <strong>id\u00e9er f\u00f6r f\u00f6retagsevent f\u00f6r anst\u00e4llda<\/strong>, vilket s\u00e4kerst\u00e4ller att varje team kan hitta en upplevelse som st\u00e4mmer \u00f6verens med deras m\u00e5l och f\u00f6rb\u00e4ttrar deras sammanh\u00e5llning och kreativitet. Klicka h\u00e4r f\u00f6r att l\u00e4sa mer om <a href=\"https:\/\/handproject.nl\/events\/\">v\u00e5ra workshops!<\/a> Eller titta p\u00e5<a href=\"https:\/\/vimeo.com\/881155487\"> en kort video<\/a> om v\u00e5r p\u00e5verkan h\u00e4r!<\/p>\t\t\t\t\t\t\t\t<\/div>\n\t\t\t\t<\/div>\n\t\t\t\t\t<\/div>\n\t\t\t\t<\/div>\n\t\t<div data-particle_enable=\"false\" data-particle-mobile-disabled=\"false\" class=\"elementor-element elementor-element-9f970a2 e-flex e-con-boxed e-con e-parent\" data-id=\"9f970a2\" data-element_type=\"container\">\n\t\t\t\t\t<div class=\"e-con-inner\">\n\t\t\t\t<div class=\"elementor-element elementor-element-100cf4b elementor-widget elementor-widget-heading\" data-id=\"100cf4b\" data-element_type=\"widget\" data-widget_type=\"heading.default\">\n\t\t\t\t<div class=\"elementor-widget-container\">\n\t\t\t\t\t<h2 class=\"elementor-heading-title elementor-size-default\">Skr\u00e4ddarsy upplevelsen av handprojekt<\/h2>\t\t\t\t<\/div>\n\t\t\t\t<\/div>\n\t\t\t\t<div class=\"elementor-element elementor-element-1352f11 elementor-widget elementor-widget-text-editor\" data-id=\"1352f11\" data-element_type=\"widget\" data-widget_type=\"text-editor.default\">\n\t\t\t\t<div class=\"elementor-widget-container\">\n\t\t\t\t\t\t\t\t\t<p>N\u00e4r det g\u00e4ller <strong>id\u00e9er f\u00f6r f\u00f6retagsevenemang f\u00f6r anst\u00e4llda<\/strong> sticker The Handproject ut genom att erbjuda omfattande anpassningsalternativ. Vi f\u00f6rst\u00e5r att varje f\u00f6retag har unika behov, oavsett om det handlar om att fr\u00e4mja sammanh\u00e5llningen i teamet, finslipa ledarskapsf\u00f6rm\u00e5gan eller fira teamets framg\u00e5ngar. Det \u00e4r d\u00e4rf\u00f6r vi tillhandah\u00e5ller:<\/p>\n<ul>\n<li><strong>Flexibla workshopformat<\/strong>: V\u00e4lj mellan helt ledarledda, online-modererade eller sj\u00e4lvstyrda workshops f\u00f6r att matcha teamets storlek och preferenser.<\/li>\n<li><strong>Anpassade teman och aktiviteter<\/strong>: Skr\u00e4ddarsy ditt evenemang med specifika teman som ligger i linje med ditt f\u00f6retags v\u00e4rderingar eller m\u00e5l, vilket garanterar en personlig och effektfull upplevelse.<\/li>\n<\/ul>\n<p>Denna flexibilitet s\u00e4kerst\u00e4ller att ditt f\u00f6retagsevenemang inte bara blir minnesv\u00e4rt utan ocks\u00e5 djupt meningsfullt, perfekt anpassat till din organisations m\u00e5l.<\/p>\n<p>Vi bjuder in dig att uppt\u00e4cka en v\u00e4rld av innovativa <strong>id\u00e9er f\u00f6r f\u00f6retagsevent f\u00f6r anst\u00e4llda<\/strong>. V\u00e5ra workshops erbjuder en unik kombination av teamf\u00f6rst\u00e4rkning och verkliga effekter, vilket s\u00e4tter en ny standard f\u00f6r teambuilding p\u00e5 f\u00f6retag. Var med och skapa upplevelser som inte bara bygger starkare team utan ocks\u00e5 bidrar positivt till globala samh\u00e4llen. <a href=\"https:\/\/handproject.nl\/contact\/\">Kontakta oss idag<\/a> och ta det f\u00f6rsta steget mot ett of\u00f6rgl\u00f6mligt teamevent med The Handproject.<\/p>\n<p>Skicka g\u00e4rna ett mail till oss p\u00e5: info@handproject.nl, fyll i v\u00e5rt <a href=\"https:\/\/handproject.nl\/contact\/\">kontaktformul\u00e4r<\/a> eller ring oss direkt!<\/p><\/p>\n\t\t\t\t\t\t\t\t<\/div>\n\t\t\t\t<\/div>\n\t\t\t\t\t<\/div>\n\t\t\t\t<\/div>\n\t\t\t\t<\/div>\n\t\t","protected":false},"excerpt":{"rendered":"<p>F\u00f6retagsteam &#8211; Id\u00e9er f\u00f6r f\u00f6retagsevent f\u00f6r anst\u00e4llda Innovativa id\u00e9er f\u00f6r f\u00f6retagsevent f\u00f6r anst\u00e4llda V\u00e4lkommen! Letar du efter id\u00e9er f\u00f6r f\u00f6retagsevenemang f\u00f6r anst\u00e4llda som sticker ut fr\u00e5n det vanliga? D\u00e5 har du kommit till r\u00e4tt st\u00e4lle. P\u00e5 The Handproject lyfter vi teambuilding till en ny sp\u00e4nnande niv\u00e5 och erbjuder unika aktiviteter som inte bara f\u00f6r teamen [&hellip;]<\/p>\n","protected":false},"author":1,"featured_media":2304,"parent":0,"menu_order":0,"comment_status":"closed","ping_status":"closed","template":"","meta":{"_eb_attr":"","om_disable_all_campaigns":false,"_monsterinsights_skip_tracking":false,"_monsterinsights_sitenote_active":false,"_monsterinsights_sitenote_note":"","_monsterinsights_sitenote_category":0,"site-sidebar-layout":"no-sidebar","site-content-layout":"page-builder","ast-site-content-layout":"full-width-container","site-content-style":"unboxed","site-sidebar-style":"unboxed","ast-global-header-display":"","ast-banner-title-visibility":"","ast-main-header-display":"","ast-hfb-above-header-display":"","ast-hfb-below-header-display":"","ast-hfb-mobile-header-display":"","site-post-title":"disabled","ast-breadcrumbs-content":"","ast-featured-img":"disabled","footer-sml-layout":"","theme-transparent-header-meta":"","adv-header-id-meta":"","stick-header-meta":"","header-above-stick-meta":"","header-main-stick-meta":"","header-below-stick-meta":"","astra-migrate-meta-layouts":"set","ast-page-background-enabled":"default","ast-page-background-meta":{"desktop":{"background-color":"","background-image":"","background-repeat":"repeat","background-position":"center center","background-size":"auto","background-attachment":"scroll","background-type":"","background-media":"","overlay-type":"","overlay-color":"","overlay-gradient":""},"tablet":{"background-color":"","background-image":"","background-repeat":"repeat","background-position":"center center","background-size":"auto","background-attachment":"scroll","background-type":"","background-media":"","overlay-type":"","overlay-color":"","overlay-gradient":""},"mobile":{"background-color":"","background-image":"","background-repeat":"repeat","background-position":"center center","background-size":"auto","background-attachment":"scroll","background-type":"","background-media":"","overlay-type":"","overlay-color":"","overlay-gradient":""}},"ast-content-background-meta":{"desktop":{"background-color":"var(--ast-global-color-5)","background-image":"","background-repeat":"repeat","background-position":"center center","background-size":"auto","background-attachment":"scroll","background-type":"","background-media":"","overlay-type":"","overlay-color":"","overlay-gradient":""},"tablet":{"background-color":"var(--ast-global-color-5)","background-image":"","background-repeat":"repeat","background-position":"center center","background-size":"auto","background-attachment":"scroll","background-type":"","background-media":"","overlay-type":"","overlay-color":"","overlay-gradient":""},"mobile":{"background-color":"var(--ast-global-color-5)","background-image":"","background-repeat":"repeat","background-position":"center center","background-size":"auto","background-attachment":"scroll","background-type":"","background-media":"","overlay-type":"","overlay-color":"","overlay-gradient":""}},"footnotes":""},"class_list":["post-2789","page","type-page","status-publish","has-post-thumbnail","hentry"],"aioseo_notices":[],"_links":{"self":[{"href":"https:\/\/handproject.nl\/sv\/wp-json\/wp\/v2\/pages\/2789","targetHints":{"allow":["GET"]}}],"collection":[{"href":"https:\/\/handproject.nl\/sv\/wp-json\/wp\/v2\/pages"}],"about":[{"href":"https:\/\/handproject.nl\/sv\/wp-json\/wp\/v2\/types\/page"}],"author":[{"embeddable":true,"href":"https:\/\/handproject.nl\/sv\/wp-json\/wp\/v2\/users\/1"}],"replies":[{"embeddable":true,"href":"https:\/\/handproject.nl\/sv\/wp-json\/wp\/v2\/comments?post=2789"}],"version-history":[{"count":6,"href":"https:\/\/handproject.nl\/sv\/wp-json\/wp\/v2\/pages\/2789\/revisions"}],"predecessor-version":[{"id":4133,"href":"https:\/\/handproject.nl\/sv\/wp-json\/wp\/v2\/pages\/2789\/revisions\/4133"}],"wp:featuredmedia":[{"embeddable":true,"href":"https:\/\/handproject.nl\/sv\/wp-json\/wp\/v2\/media\/2304"}],"wp:attachment":[{"href":"https:\/\/handproject.nl\/sv\/wp-json\/wp\/v2\/media?parent=2789"}],"curies":[{"name":"wp","href":"https:\/\/api.w.org\/{rel}","templated":true}]}}