{"id":2832,"date":"2024-03-04T12:03:08","date_gmt":"2024-03-04T11:03:08","guid":{"rendered":"https:\/\/handproject.nl\/julaktiviteter-for-teambuilding\/"},"modified":"2024-04-10T10:33:12","modified_gmt":"2024-04-10T08:33:12","slug":"julaktiviteter-for-teambuilding","status":"publish","type":"page","link":"https:\/\/handproject.nl\/sv\/julaktiviteter-for-teambuilding\/","title":{"rendered":"Julaktiviteter f\u00f6r teambuilding"},"content":{"rendered":"\t\t<div data-elementor-type=\"wp-page\" data-elementor-id=\"2832\" class=\"elementor elementor-2832 elementor-2027\" data-elementor-post-type=\"page\">\n\t\t\t\t<div data-particle_enable=\"false\" data-particle-mobile-disabled=\"false\" class=\"elementor-element elementor-element-e5a9385 e-flex e-con-boxed e-con e-parent\" data-id=\"e5a9385\" data-element_type=\"container\">\n\t\t\t\t\t<div class=\"e-con-inner\">\n\t\t\t\t<div class=\"elementor-element elementor-element-82a21ce elementor-widget elementor-widget-heading\" data-id=\"82a21ce\" data-element_type=\"widget\" data-widget_type=\"heading.default\">\n\t\t\t\t<div class=\"elementor-widget-container\">\n\t\t\t\t\t<h2 class=\"elementor-heading-title elementor-size-default\">Julaktiviteter f\u00f6r teambuilding - speciella tillf\u00e4llen  <\/h2>\t\t\t\t<\/div>\n\t\t\t\t<\/div>\n\t\t\t\t<div class=\"elementor-element elementor-element-b6dcb2f elementor-widget__width-initial elementor-widget elementor-widget-image\" data-id=\"b6dcb2f\" data-element_type=\"widget\" data-widget_type=\"image.default\">\n\t\t\t\t<div class=\"elementor-widget-container\">\n\t\t\t\t\t\t\t\t\t\t\t\t\t\t\t<img fetchpriority=\"high\" decoding=\"async\" width=\"1024\" height=\"1024\" src=\"https:\/\/handproject.nl\/wp-content\/uploads\/2024\/03\/DALL\u00b7E-2024-03-04-12.06.24-A-cozy-Christmas-scene-in-an-office-setting-featuring-a-table-adorned-with-holiday-decorations-a-small-Christmas-tree-with-lights-wrapped-gifts-an.webp\" class=\"attachment-large size-large wp-image-2029\" alt=\"christmas team building activities\" srcset=\"https:\/\/handproject.nl\/wp-content\/uploads\/2024\/03\/DALL\u00b7E-2024-03-04-12.06.24-A-cozy-Christmas-scene-in-an-office-setting-featuring-a-table-adorned-with-holiday-decorations-a-small-Christmas-tree-with-lights-wrapped-gifts-an.webp 1024w, https:\/\/handproject.nl\/wp-content\/uploads\/2024\/03\/DALL\u00b7E-2024-03-04-12.06.24-A-cozy-Christmas-scene-in-an-office-setting-featuring-a-table-adorned-with-holiday-decorations-a-small-Christmas-tree-with-lights-wrapped-gifts-an-300x300.webp 300w, https:\/\/handproject.nl\/wp-content\/uploads\/2024\/03\/DALL\u00b7E-2024-03-04-12.06.24-A-cozy-Christmas-scene-in-an-office-setting-featuring-a-table-adorned-with-holiday-decorations-a-small-Christmas-tree-with-lights-wrapped-gifts-an-150x150.webp 150w, https:\/\/handproject.nl\/wp-content\/uploads\/2024\/03\/DALL\u00b7E-2024-03-04-12.06.24-A-cozy-Christmas-scene-in-an-office-setting-featuring-a-table-adorned-with-holiday-decorations-a-small-Christmas-tree-with-lights-wrapped-gifts-an-768x768.webp 768w, https:\/\/handproject.nl\/wp-content\/uploads\/2024\/03\/DALL\u00b7E-2024-03-04-12.06.24-A-cozy-Christmas-scene-in-an-office-setting-featuring-a-table-adorned-with-holiday-decorations-a-small-Christmas-tree-with-lights-wrapped-gifts-an-12x12.webp 12w\" sizes=\"(max-width: 1024px) 100vw, 1024px\" \/>\t\t\t\t\t\t\t\t\t\t\t\t\t\t\t<\/div>\n\t\t\t\t<\/div>\n\t\t\t\t<div class=\"elementor-element elementor-element-d7bdcd4 elementor-widget elementor-widget-spacer\" data-id=\"d7bdcd4\" data-element_type=\"widget\" data-widget_type=\"spacer.default\">\n\t\t\t\t<div class=\"elementor-widget-container\">\n\t\t\t\t\t\t\t<div class=\"elementor-spacer\">\n\t\t\t<div class=\"elementor-spacer-inner\"><\/div>\n\t\t<\/div>\n\t\t\t\t\t\t<\/div>\n\t\t\t\t<\/div>\n\t\t\t\t<div class=\"elementor-element elementor-element-abcf6ba elementor-widget elementor-widget-heading\" data-id=\"abcf6ba\" data-element_type=\"widget\" data-widget_type=\"heading.default\">\n\t\t\t\t<div class=\"elementor-widget-container\">\n\t\t\t\t\t<h2 class=\"elementor-heading-title elementor-size-default\">Fira jul med meningsfull teambuilding<\/h2>\t\t\t\t<\/div>\n\t\t\t\t<\/div>\n\t\t\t\t<div class=\"elementor-element elementor-element-553fb28 elementor-widget elementor-widget-heading\" data-id=\"553fb28\" data-element_type=\"widget\" data-widget_type=\"heading.default\">\n\t\t\t\t<div class=\"elementor-widget-container\">\n\t\t\t\t\t<h2 class=\"elementor-heading-title elementor-size-default\">Julaktiviteter f\u00f6r teambuilding<\/h2>\t\t\t\t<\/div>\n\t\t\t\t<\/div>\n\t\t\t\t<div class=\"elementor-element elementor-element-c802224 elementor-widget elementor-widget-text-editor\" data-id=\"c802224\" data-element_type=\"widget\" data-widget_type=\"text-editor.default\">\n\t\t\t\t<div class=\"elementor-widget-container\">\n\t\t\t\t\t\t\t\t\t<div class=\"flex-1 overflow-hidden\">\n<div class=\"react-scroll-to-bottom--css-kgahc-79elbk h-full\">\n<div class=\"react-scroll-to-bottom--css-kgahc-1n7m0yu\">\n<div class=\"flex flex-col text-sm pb-9\">\n<div class=\"w-full text-token-text-primary\" data-testid=\"conversation-turn-67\">\n<div class=\"px-4 py-2 justify-center text-base md:gap-6 m-auto\">\n<div class=\"flex flex-1 text-base mx-auto gap-3 md:px-5 lg:px-1 xl:px-5 md:max-w-3xl lg:max-w-[40rem] xl:max-w-[48rem] group final-completion\">\n<div class=\"relative flex w-full flex-col agent-turn\">\n<div class=\"flex-col gap-1 md:gap-3\">\n<div class=\"flex flex-grow flex-col max-w-full\">\n<div class=\"min-h-[20px] text-message flex flex-col items-start gap-3 whitespace-pre-wrap break-words [.text-message+&amp;]:mt-5 overflow-x-auto\" data-message-author-role=\"assistant\" data-message-id=\"40348b23-c091-4e6e-9ec4-1027507c7100\">\n<div class=\"markdown prose w-full break-words dark:prose-invert light\">\n<p>Julen \u00e4r mer \u00e4n bara en festlig h\u00f6gtid &#8211; den \u00e4r ocks\u00e5 ett perfekt tillf\u00e4lle f\u00f6r <strong>teambuildingaktiviteter<\/strong>. P\u00e5 The Handproject tror vi att den h\u00e4r tiden p\u00e5 \u00e5ret kan f\u00e5 fram det b\u00e4sta i teamen, inte bara genom att fira utan genom meningsfullt samarbete och givande. V\u00e5rt unika teambuilding-event \u00e4r s\u00e4rskilt utformat f\u00f6r att st\u00e4rka sammanh\u00e5llningen i teamet och f\u00f6rkroppsliga s\u00e4songens sanna anda &#8211; att ge tillbaka. Att \u00e4gna sig \u00e5t aktiviteter som har en direkt positiv inverkan p\u00e5 andra f\u00f6r inte bara teamen n\u00e4rmare varandra utan \u00e4r ocks\u00e5 helt i linje med den innerliga julst\u00e4mningen.<\/p>\n<p>F\u00f6lj med oss n\u00e4r vi g\u00e5r igenom hur ditt <strong>team<\/strong> kan fira den h\u00e4r h\u00f6gtiden p\u00e5 ett verkligt effektfullt s\u00e4tt och g\u00f6ra <strong>julens teambuildingaktiviteter<\/strong> till en minnesv\u00e4rd och berikande upplevelse f\u00f6r alla inblandade.<\/p>\n<\/div>\n<\/div>\n<\/div>\n<\/div>\n<\/div>\n<\/div>\n<\/div>\n<\/div>\n<\/div>\n<\/div>\n<\/div>\n<\/div>\n\t\t\t\t\t\t\t\t<\/div>\n\t\t\t\t<\/div>\n\t\t\t\t<div class=\"elementor-element elementor-element-fcc4577 elementor-widget elementor-widget-heading\" data-id=\"fcc4577\" data-element_type=\"widget\" data-widget_type=\"heading.default\">\n\t\t\t\t<div class=\"elementor-widget-container\">\n\t\t\t\t\t<h2 class=\"elementor-heading-title elementor-size-default\">Varf\u00f6r fungerar julaktiviteter f\u00f6r teambuilding?<\/h2>\t\t\t\t<\/div>\n\t\t\t\t<\/div>\n\t\t\t\t<div class=\"elementor-element elementor-element-0cfd8ca elementor-widget elementor-widget-text-editor\" data-id=\"0cfd8ca\" data-element_type=\"widget\" data-widget_type=\"text-editor.default\">\n\t\t\t\t<div class=\"elementor-widget-container\">\n\t\t\t\t\t\t\t\t\t<p>Att delta i <strong>teambuildingaktiviteter p\u00e5 semestern<\/strong> ger en unik blandning av f\u00f6rdelar.<span style=\"text-align: var(--text-align); background-color: var(--ast-global-color-4); color: var(--ast-global-color-3); font-size: 1rem;\">  Oavsett om du \u00e4r ute efter ett firande p\u00e5 kontoret eller ett samh\u00e4llsbaserat projekt finns det ett brett utbud av alternativ som kan skr\u00e4ddarsys efter ditt teams preferenser och m\u00e5l. Denna anpassningsf\u00f6rm\u00e5ga s\u00e4kerst\u00e4ller att varje team, oavsett storlek eller plats, kan hitta det perfekta s\u00e4ttet att fira och ge tillbaka under juls\u00e4songen.<\/span><\/p>\n<p>Dessutom har <strong>juliga teambuilding-aktiviteter p\u00e5 kontoret<\/strong> en djupg\u00e5ende inverkan ut\u00f6ver bara teamet; de kan bidra positivt till samh\u00e4llet. Genom att v\u00e4lja aktiviteter som har en v\u00e4lg\u00f6renhetskomponent kan teamen uppleva gl\u00e4djen i att ge tillsammans. Detta berikar inte bara teambuildingupplevelsen utan ligger ocks\u00e5 i linje med s\u00e4songens anda av generositet och samh\u00e4llsst\u00f6d.<\/p>\n<p>Genom att inf\u00f6rliva <strong>teambuildingaktiviteter under julen <\/strong>i era semesterplaner firar ni inte bara, ni bygger ocks\u00e5 upp ett starkare och mer sammansvetsat <strong>team <\/strong>.<\/p>\n\t\t\t\t\t\t\t\t<\/div>\n\t\t\t\t<\/div>\n\t\t\t\t\t<\/div>\n\t\t\t\t<\/div>\n\t\t<div data-particle_enable=\"false\" data-particle-mobile-disabled=\"false\" class=\"elementor-element elementor-element-65092b0 e-flex e-con-boxed e-con e-parent\" data-id=\"65092b0\" data-element_type=\"container\">\n\t\t\t\t\t<div class=\"e-con-inner\">\n\t\t<div data-particle_enable=\"false\" data-particle-mobile-disabled=\"false\" class=\"elementor-element elementor-element-dfcf846 e-con-full e-flex e-con e-child\" data-id=\"dfcf846\" data-element_type=\"container\">\n\t\t\t\t<div class=\"elementor-element elementor-element-6e176a5 elementor-widget elementor-widget-text-editor\" data-id=\"6e176a5\" data-element_type=\"widget\" data-widget_type=\"text-editor.default\">\n\t\t\t\t<div class=\"elementor-widget-container\">\n\t\t\t\t\t\t\t\t\t<h3>V\u00e5r signaturaktivitet p\u00e5 semestern: Workshop f\u00f6r montering av handproteser<\/h3>\n<div>\n<p>Fira julen med v\u00e5r workshop f\u00f6r montering av handproteser, ett hj\u00e4rtev\u00e4rmande tillskott till <strong>julens teambuildingaktiviteter p\u00e5 kontoret<\/strong>.<\/p>\n<p><strong>De viktigaste slutsatserna:<\/strong><\/p>\n<ul>\n<li><strong>Sprider jul<\/strong>st\u00e4mning: F\u00f6r samman teamet f\u00f6r en gl\u00e4djefylld och meningsfull gemensam upplevelse.<\/li>\n<li><strong>V\u00e4rdiga g\u00e5vor<\/strong>: Varje monterad hand \u00e4r en g\u00e5va av sj\u00e4lvst\u00e4ndighet till amputerade, och f\u00f6rkroppsligar s\u00e4songens anda av givande.<\/li>\n<li><strong>Omfamnar julens innersta v\u00e4sen<\/strong>: F\u00f6renar gl\u00e4djen i lagarbete med den djupa tillfredsst\u00e4llelsen i att bidra till en global sak.<\/li>\n<li><strong>V\u00e4lkomnar alla<\/strong>: En inkluderande aktivitet som s\u00e4kerst\u00e4ller att alla teammedlemmar kan ta del av den festliga g\u00e5voandan.<\/li>\n<\/ul>\n<p>Denna workshop berikar inte bara er juletid utan f\u00f6rvandlar ocks\u00e5 <strong>teambuilding-julaktiviteter p\u00e5 kontoret<\/strong> till en m\u00f6jlighet att g\u00f6ra en verklig skillnad och sprida gl\u00e4dje b\u00e5de inom ert <strong>team<\/strong> och \u00f6ver hela v\u00e4rlden.<\/p>\n<p>Vill du veta mer om v\u00e5ra workshops eller diskutera n\u00e5gra m\u00f6jligheter? Kontakta oss g\u00e4rna p\u00e5 info@handproject.nl eller via v\u00e5r <a href=\"https:\/\/handproject.nl\/contact\/\">kontaktsida!<\/a><\/p>\n<\/div>\n\t\t\t\t\t\t\t\t<\/div>\n\t\t\t\t<\/div>\n\t\t\t\t<\/div>\n\t\t<div data-particle_enable=\"false\" data-particle-mobile-disabled=\"false\" class=\"elementor-element elementor-element-e4eddfb e-con-full e-flex e-con e-child\" data-id=\"e4eddfb\" data-element_type=\"container\">\n\t\t\t\t<div class=\"elementor-element elementor-element-b74b4c4 elementor-widget elementor-widget-image\" data-id=\"b74b4c4\" data-element_type=\"widget\" data-widget_type=\"image.default\">\n\t\t\t\t<div class=\"elementor-widget-container\">\n\t\t\t\t\t\t\t\t\t\t\t\t\t\t\t<img decoding=\"async\" width=\"768\" height=\"1024\" src=\"https:\/\/handproject.nl\/wp-content\/uploads\/2023\/12\/WhatsApp-Image-2023-11-22-at-14.35.17-1.jpeg\" class=\"attachment-large size-large wp-image-1827\" alt=\"kerst teambuilding activiteiten\" srcset=\"https:\/\/handproject.nl\/wp-content\/uploads\/2023\/12\/WhatsApp-Image-2023-11-22-at-14.35.17-1.jpeg 768w, https:\/\/handproject.nl\/wp-content\/uploads\/2023\/12\/WhatsApp-Image-2023-11-22-at-14.35.17-1-225x300.jpeg 225w, https:\/\/handproject.nl\/wp-content\/uploads\/2023\/12\/WhatsApp-Image-2023-11-22-at-14.35.17-1-9x12.jpeg 9w\" sizes=\"(max-width: 768px) 100vw, 768px\" \/>\t\t\t\t\t\t\t\t\t\t\t\t\t\t\t<\/div>\n\t\t\t\t<\/div>\n\t\t\t\t<\/div>\n\t\t\t\t\t<\/div>\n\t\t\t\t<\/div>\n\t\t<div data-particle_enable=\"false\" data-particle-mobile-disabled=\"false\" class=\"elementor-element elementor-element-8311291 e-flex e-con-boxed e-con e-parent\" data-id=\"8311291\" data-element_type=\"container\">\n\t\t\t\t\t<div class=\"e-con-inner\">\n\t\t\t\t<div class=\"elementor-element elementor-element-914cc4e elementor-widget elementor-widget-heading\" data-id=\"914cc4e\" data-element_type=\"widget\" data-widget_type=\"heading.default\">\n\t\t\t\t<div class=\"elementor-widget-container\">\n\t\t\t\t\t<h2 class=\"elementor-heading-title elementor-size-default\">Andra festliga aktiviteter som g\u00f6r skillnad<\/h2>\t\t\t\t<\/div>\n\t\t\t\t<\/div>\n\t\t\t\t<div class=\"elementor-element elementor-element-7078843 elementor-widget elementor-widget-text-editor\" data-id=\"7078843\" data-element_type=\"widget\" data-widget_type=\"text-editor.default\">\n\t\t\t\t<div class=\"elementor-widget-container\">\n\t\t\t\t\t\t\t\t\t<p>Ut\u00f6ver v\u00e5r signaturworkshop kan ni \u00f6verv\u00e4ga dessa hj\u00e4rtev\u00e4rmande <strong>julaktiviteter<\/strong> f\u00f6r <strong>teambuilding<\/strong> f\u00f6r att ytterligare omfamna den givmilda \u00e5rstiden:<\/p>\n<ul>\n<li><strong>Utmaning<\/strong> f\u00f6r leksaksinsamling: Samla ihop ditt team f\u00f6r att samla in leksaker till beh\u00f6vande barn. Denna v\u00e4nskapliga t\u00e4vling f\u00f6rgyller inte bara barnens semester utan fr\u00e4mjar ocks\u00e5 lagandan.<\/li>\n<li>Pyssla <strong>f\u00f6r en god sak<\/strong>: Skapa handgjorda g\u00e5vor eller kort till personer p\u00e5 lokala h\u00e4rb\u00e4rgen eller sjukhus. En perfekt aktivitet f\u00f6r <strong>team<\/strong> som letar efter <strong>teambuildingaktiviteter f\u00f6r f\u00f6retag n\u00e4ra mig<\/strong> som g\u00f6r en p\u00e5taglig skillnad.<\/li>\n<\/ul>\n<h3>Anpassa din festliga teambuilding<\/h3>\n<p>Vi f\u00f6rst\u00e5r vikten av att skr\u00e4ddarsy aktiviteter som passar just ert team och ert samh\u00e4lle. Oavsett om det g\u00e4ller v\u00e5r workshop f\u00f6r montering av proteser eller n\u00e5gon annan festlig aktivitet erbjuder vi anpassningsalternativ f\u00f6r att s\u00e4kerst\u00e4lla en perfekt passform f\u00f6r ditt teams storlek, m\u00e5l och de specifika behoven i ditt samh\u00e4lle. Denna flexibilitet omfattar \u00e4ven <strong>teambuildingaktiviteter under Thanksgiving<\/strong> f\u00f6r dem som vill ut\u00f6ka sin p\u00e5verkan under julhelgen.<\/p>\n\t\t\t\t\t\t\t\t<\/div>\n\t\t\t\t<\/div>\n\t\t\t\t<div class=\"elementor-element elementor-element-170793a elementor-widget elementor-widget-heading\" data-id=\"170793a\" data-element_type=\"widget\" data-widget_type=\"heading.default\">\n\t\t\t\t<div class=\"elementor-widget-container\">\n\t\t\t\t\t<h2 class=\"elementor-heading-title elementor-size-default\">F\u00e5 in gl\u00e4djen i att ge i ert teambuilding<\/h2>\t\t\t\t<\/div>\n\t\t\t\t<\/div>\n\t\t\t\t<div class=\"elementor-element elementor-element-ed04843 elementor-widget elementor-widget-text-editor\" data-id=\"ed04843\" data-element_type=\"widget\" data-widget_type=\"text-editor.default\">\n\t\t\t\t<div class=\"elementor-widget-container\">\n\t\t\t\t\t\t\t\t\t<p>Missa inte chansen att kombinera teambuilding med julklappsgl\u00e4dje. Kontakta <a href=\"https:\/\/handproject.nl\/contact\/\">The Handproject<\/a> f\u00f6r att planera <strong>julens teambuildingaktiviteter<\/strong>. Tillsammans kan vi skapa en semesterupplevelse som inte bara \u00e4r minnesv\u00e4rd f\u00f6r ditt team utan som ocks\u00e5 har betydelse f\u00f6r samh\u00e4llet i stort. L\u00e5t oss fira denna h\u00f6gtid genom att ge tillbaka, st\u00e4rka banden och sprida en v\u00e5g av gl\u00e4dje och generositet.<\/p>\n<p>Vill du veta mer om v\u00e5r p\u00e5verkan?  <a href=\"https:\/\/handproject.nl\/impact\/\">Klicka h\u00e4r!<\/a>  Eller om v\u00e5r historia?<a href=\"https:\/\/handproject.org\/\">  Klicka h\u00e4r!<\/a><\/p>\n\t\t\t\t\t\t\t\t<\/div>\n\t\t\t\t<\/div>\n\t\t\t\t\t<\/div>\n\t\t\t\t<\/div>\n\t\t\t\t<\/div>\n\t\t","protected":false},"excerpt":{"rendered":"<p>Julaktiviteter f\u00f6r teambuilding &#8211; speciella tillf\u00e4llen Fira jul med meningsfull teambuilding Julaktiviteter f\u00f6r teambuilding Julen \u00e4r mer \u00e4n bara en festlig h\u00f6gtid &#8211; den \u00e4r ocks\u00e5 ett perfekt tillf\u00e4lle f\u00f6r teambuildingaktiviteter. P\u00e5 The Handproject tror vi att den h\u00e4r tiden p\u00e5 \u00e5ret kan f\u00e5 fram det b\u00e4sta i teamen, inte bara genom att fira utan [&hellip;]<\/p>\n","protected":false},"author":1,"featured_media":2784,"parent":0,"menu_order":0,"comment_status":"closed","ping_status":"closed","template":"","meta":{"_eb_attr":"","om_disable_all_campaigns":false,"_monsterinsights_skip_tracking":false,"_monsterinsights_sitenote_active":false,"_monsterinsights_sitenote_note":"","_monsterinsights_sitenote_category":0,"site-sidebar-layout":"no-sidebar","site-content-layout":"page-builder","ast-site-content-layout":"full-width-container","site-content-style":"unboxed","site-sidebar-style":"unboxed","ast-global-header-display":"","ast-banner-title-visibility":"","ast-main-header-display":"","ast-hfb-above-header-display":"","ast-hfb-below-header-display":"","ast-hfb-mobile-header-display":"","site-post-title":"disabled","ast-breadcrumbs-content":"","ast-featured-img":"disabled","footer-sml-layout":"","theme-transparent-header-meta":"","adv-header-id-meta":"","stick-header-meta":"","header-above-stick-meta":"","header-main-stick-meta":"","header-below-stick-meta":"","astra-migrate-meta-layouts":"default","ast-page-background-enabled":"default","ast-page-background-meta":{"desktop":{"background-color":"","background-image":"","background-repeat":"repeat","background-position":"center center","background-size":"auto","background-attachment":"scroll","background-type":"","background-media":"","overlay-type":"","overlay-color":"","overlay-gradient":""},"tablet":{"background-color":"","background-image":"","background-repeat":"repeat","background-position":"center center","background-size":"auto","background-attachment":"scroll","background-type":"","background-media":"","overlay-type":"","overlay-color":"","overlay-gradient":""},"mobile":{"background-color":"","background-image":"","background-repeat":"repeat","background-position":"center center","background-size":"auto","background-attachment":"scroll","background-type":"","background-media":"","overlay-type":"","overlay-color":"","overlay-gradient":""}},"ast-content-background-meta":{"desktop":{"background-color":"var(--ast-global-color-5)","background-image":"","background-repeat":"repeat","background-position":"center center","background-size":"auto","background-attachment":"scroll","background-type":"","background-media":"","overlay-type":"","overlay-color":"","overlay-gradient":""},"tablet":{"background-color":"var(--ast-global-color-5)","background-image":"","background-repeat":"repeat","background-position":"center center","background-size":"auto","background-attachment":"scroll","background-type":"","background-media":"","overlay-type":"","overlay-color":"","overlay-gradient":""},"mobile":{"background-color":"var(--ast-global-color-5)","background-image":"","background-repeat":"repeat","background-position":"center center","background-size":"auto","background-attachment":"scroll","background-type":"","background-media":"","overlay-type":"","overlay-color":"","overlay-gradient":""}},"footnotes":""},"class_list":["post-2832","page","type-page","status-publish","has-post-thumbnail","hentry"],"aioseo_notices":[],"_links":{"self":[{"href":"https:\/\/handproject.nl\/sv\/wp-json\/wp\/v2\/pages\/2832","targetHints":{"allow":["GET"]}}],"collection":[{"href":"https:\/\/handproject.nl\/sv\/wp-json\/wp\/v2\/pages"}],"about":[{"href":"https:\/\/handproject.nl\/sv\/wp-json\/wp\/v2\/types\/page"}],"author":[{"embeddable":true,"href":"https:\/\/handproject.nl\/sv\/wp-json\/wp\/v2\/users\/1"}],"replies":[{"embeddable":true,"href":"https:\/\/handproject.nl\/sv\/wp-json\/wp\/v2\/comments?post=2832"}],"version-history":[{"count":2,"href":"https:\/\/handproject.nl\/sv\/wp-json\/wp\/v2\/pages\/2832\/revisions"}],"predecessor-version":[{"id":2837,"href":"https:\/\/handproject.nl\/sv\/wp-json\/wp\/v2\/pages\/2832\/revisions\/2837"}],"wp:featuredmedia":[{"embeddable":true,"href":"https:\/\/handproject.nl\/sv\/wp-json\/wp\/v2\/media\/2784"}],"wp:attachment":[{"href":"https:\/\/handproject.nl\/sv\/wp-json\/wp\/v2\/media?parent=2832"}],"curies":[{"name":"wp","href":"https:\/\/api.w.org\/{rel}","templated":true}]}}