{"id":2859,"date":"2018-11-26T12:46:25","date_gmt":"2018-11-26T11:46:25","guid":{"rendered":"https:\/\/handproject.nl\/om-oss\/"},"modified":"2024-04-10T10:39:00","modified_gmt":"2024-04-10T08:39:00","slug":"om-oss","status":"publish","type":"page","link":"https:\/\/handproject.nl\/sv\/om-oss\/","title":{"rendered":"Om oss"},"content":{"rendered":"\t\t<div data-elementor-type=\"wp-post\" data-elementor-id=\"2859\" class=\"elementor elementor-2859 elementor-530\" data-elementor-post-type=\"page\">\n\t\t\t\t\t\t<section data-particle_enable=\"false\" data-particle-mobile-disabled=\"false\" class=\"elementor-section elementor-top-section elementor-element elementor-element-1186045 elementor-section-content-middle elementor-section-boxed elementor-section-height-default elementor-section-height-default\" data-id=\"1186045\" data-element_type=\"section\">\n\t\t\t\t\t\t<div class=\"elementor-container elementor-column-gap-no\">\n\t\t\t\t\t<div class=\"elementor-column elementor-col-100 elementor-top-column elementor-element elementor-element-6fa0ed0\" data-id=\"6fa0ed0\" data-element_type=\"column\">\n\t\t\t<div class=\"elementor-widget-wrap elementor-element-populated\">\n\t\t\t\t\t\t<div class=\"elementor-element elementor-element-ea7ed5f elementor-widget elementor-widget-image-box\" data-id=\"ea7ed5f\" data-element_type=\"widget\" data-widget_type=\"image-box.default\">\n\t\t\t\t<div class=\"elementor-widget-container\">\n\t\t\t\t\t<div class=\"elementor-image-box-wrapper\"><div class=\"elementor-image-box-content\"><h2 class=\"elementor-image-box-title\">V\u00e5rt uppdrag<\/h2><\/div><\/div>\t\t\t\t<\/div>\n\t\t\t\t<\/div>\n\t\t\t\t<div class=\"elementor-element elementor-element-1007c0b elementor-widget elementor-widget-text-editor\" data-id=\"1007c0b\" data-element_type=\"widget\" data-widget_type=\"text-editor.default\">\n\t\t\t\t<div class=\"elementor-widget-container\">\n\t\t\t\t\t\t\t\t\t<p>K\u00e4rnan i v\u00e5rt uppdrag \u00e4r m\u00e5let att tillhandah\u00e5lla gratis handproteser till personer som beh\u00f6ver dem. Genom v\u00e5ra program har teamen m\u00f6jlighet att montera och donera dessa specialdesignade h\u00e4nder, som kan f\u00f6r\u00e4ndra livet f\u00f6r mottagarna.<\/p>\n<p>Vi anser att det ska vara en gl\u00e4djefylld och tillfredsst\u00e4llande upplevelse att g\u00f6ra skillnad, vilket \u00e4r anledningen till att vi prioriterar att skapa en rolig och glad milj\u00f6 f\u00f6r v\u00e5ra teamworkshops.&nbsp;  Genom att fr\u00e4mja en k\u00e4nsla av kamratskap och ett gemensamt syfte hoppas vi kunna inspirera teamen att forts\u00e4tta bidra positivt till sina samh\u00e4llen l\u00e5ngt efter att workshopen \u00e4r \u00f6ver.<\/p>\t\t\t\t\t\t\t\t<\/div>\n\t\t\t\t<\/div>\n\t\t\t\t\t<\/div>\n\t\t<\/div>\n\t\t\t\t\t<\/div>\n\t\t<\/section>\n\t\t<div data-particle_enable=\"false\" data-particle-mobile-disabled=\"false\" class=\"elementor-element elementor-element-eed6405 e-flex e-con-boxed e-con e-parent\" data-id=\"eed6405\" data-element_type=\"container\">\n\t\t\t\t\t<div class=\"e-con-inner\">\n\t\t\t\t<div class=\"elementor-element elementor-element-763c22c elementor-widget__width-initial elementor-widget elementor-widget-video\" data-id=\"763c22c\" data-element_type=\"widget\" data-settings=\"{&quot;video_type&quot;:&quot;vimeo&quot;}\" data-widget_type=\"video.default\">\n\t\t\t\t<div class=\"elementor-widget-container\">\n\t\t\t\t\t\t\t<div class=\"elementor-wrapper elementor-open-inline\">\n\t\t\t<iframe class=\"elementor-video-iframe\" allowfullscreen allow=\"clipboard-write\" title=\"vimeo-videospelare\" src=\"https:\/\/player.vimeo.com\/video\/881155487?color&amp;autopause=0&amp;loop=0&amp;muted=0&amp;title=1&amp;portrait=1&amp;byline=1#t=\"><\/iframe>\t\t<\/div>\n\t\t\t\t\t\t<\/div>\n\t\t\t\t<\/div>\n\t\t\t\t<div class=\"elementor-element elementor-element-dbc6eca elementor-widget elementor-widget-spacer\" data-id=\"dbc6eca\" data-element_type=\"widget\" data-widget_type=\"spacer.default\">\n\t\t\t\t<div class=\"elementor-widget-container\">\n\t\t\t\t\t\t\t<div class=\"elementor-spacer\">\n\t\t\t<div class=\"elementor-spacer-inner\"><\/div>\n\t\t<\/div>\n\t\t\t\t\t\t<\/div>\n\t\t\t\t<\/div>\n\t\t\t\t\t<\/div>\n\t\t\t\t<\/div>\n\t\t<div data-particle_enable=\"false\" data-particle-mobile-disabled=\"false\" class=\"elementor-element elementor-element-0da11d2 e-flex e-con-boxed e-con e-parent\" data-id=\"0da11d2\" data-element_type=\"container\">\n\t\t\t\t\t<div class=\"e-con-inner\">\n\t\t\t\t<div class=\"elementor-element elementor-element-a58d772 elementor-widget elementor-widget-heading\" data-id=\"a58d772\" data-element_type=\"widget\" data-widget_type=\"heading.default\">\n\t\t\t\t<div class=\"elementor-widget-container\">\n\t\t\t\t\t<h2 class=\"elementor-heading-title elementor-size-default\">Om direkt\u00f6ren<\/h2>\t\t\t\t<\/div>\n\t\t\t\t<\/div>\n\t\t\t\t\t<\/div>\n\t\t\t\t<\/div>\n\t\t<div data-particle_enable=\"false\" data-particle-mobile-disabled=\"false\" class=\"elementor-element elementor-element-5047c17 e-flex e-con-boxed e-con e-parent\" data-id=\"5047c17\" data-element_type=\"container\">\n\t\t\t\t\t<div class=\"e-con-inner\">\n\t\t<div data-particle_enable=\"false\" data-particle-mobile-disabled=\"false\" class=\"elementor-element elementor-element-3c28966 e-con-full e-flex e-con e-child\" data-id=\"3c28966\" data-element_type=\"container\">\n\t\t\t\t<div class=\"elementor-element elementor-element-ffd76a4 elementor-widget elementor-widget-text-editor\" data-id=\"ffd76a4\" data-element_type=\"widget\" data-widget_type=\"text-editor.default\">\n\t\t\t\t<div class=\"elementor-widget-container\">\n\t\t\t\t\t\t\t\t\t<p>Hej, jag heter Rijk Crolla och jag driver The Hand Project Nederland.  <\/p>\n<p>Anledningen till att jag \u00e4r s\u00e5 engagerad i att g\u00f6ra detta \u00e4r att jag har sv\u00e5rt att tro att s\u00e5 m\u00e5nga m\u00e4nniskor i <strong>on\u00f6dan<\/strong> sitter fast utan en hand.  <\/p>\n<p>Att vi med minimal anstr\u00e4ngning kan ha en s\u00e5 stor positiv inverkan p\u00e5 n\u00e5gons liv.  <\/p>\n<p>V\u00e5rt m\u00e5l f\u00f6r 2024? Att skapa och anpassa 1 000 h\u00e4nder med hj\u00e4lp av Hand Project Nederland.<\/p><\/p>\n\t\t\t\t\t\t\t\t<\/div>\n\t\t\t\t<\/div>\n\t\t\t\t<\/div>\n\t\t<div data-particle_enable=\"false\" data-particle-mobile-disabled=\"false\" class=\"elementor-element elementor-element-4fd3366 e-con-full e-flex e-con e-child\" data-id=\"4fd3366\" data-element_type=\"container\">\n\t\t\t\t<div class=\"elementor-element elementor-element-218d4a7 elementor-widget elementor-widget-image\" data-id=\"218d4a7\" data-element_type=\"widget\" data-widget_type=\"image.default\">\n\t\t\t\t<div class=\"elementor-widget-container\">\n\t\t\t\t\t\t\t\t\t\t\t\t\t\t\t<img fetchpriority=\"high\" decoding=\"async\" width=\"806\" height=\"801\" src=\"https:\/\/handproject.nl\/wp-content\/uploads\/2024\/01\/Phote-Rijk.png\" class=\"attachment-large size-large wp-image-1870\" alt=\"The Hand Project - Rijk Crolla\" srcset=\"https:\/\/handproject.nl\/wp-content\/uploads\/2024\/01\/Phote-Rijk.png 806w, https:\/\/handproject.nl\/wp-content\/uploads\/2024\/01\/Phote-Rijk-300x298.png 300w, https:\/\/handproject.nl\/wp-content\/uploads\/2024\/01\/Phote-Rijk-150x150.png 150w, https:\/\/handproject.nl\/wp-content\/uploads\/2024\/01\/Phote-Rijk-768x763.png 768w, https:\/\/handproject.nl\/wp-content\/uploads\/2024\/01\/Phote-Rijk-12x12.png 12w\" sizes=\"(max-width: 806px) 100vw, 806px\" \/>\t\t\t\t\t\t\t\t\t\t\t\t\t\t\t<\/div>\n\t\t\t\t<\/div>\n\t\t\t\t<\/div>\n\t\t\t\t\t<\/div>\n\t\t\t\t<\/div>\n\t\t<div data-particle_enable=\"false\" data-particle-mobile-disabled=\"false\" class=\"elementor-element elementor-element-0467099 e-flex e-con-boxed e-con e-parent\" data-id=\"0467099\" data-element_type=\"container\">\n\t\t\t\t\t<div class=\"e-con-inner\">\n\t\t\t\t<div class=\"elementor-element elementor-element-5dbfd0f elementor-widget elementor-widget-spacer\" data-id=\"5dbfd0f\" data-element_type=\"widget\" data-widget_type=\"spacer.default\">\n\t\t\t\t<div class=\"elementor-widget-container\">\n\t\t\t\t\t\t\t<div class=\"elementor-spacer\">\n\t\t\t<div class=\"elementor-spacer-inner\"><\/div>\n\t\t<\/div>\n\t\t\t\t\t\t<\/div>\n\t\t\t\t<\/div>\n\t\t\t\t\t<\/div>\n\t\t\t\t<\/div>\n\t\t<div data-particle_enable=\"false\" data-particle-mobile-disabled=\"false\" class=\"elementor-element elementor-element-abda65e e-flex e-con-boxed e-con e-parent\" data-id=\"abda65e\" data-element_type=\"container\">\n\t\t\t\t\t<div class=\"e-con-inner\">\n\t\t\t\t<div class=\"elementor-element elementor-element-49f5081 elementor-widget elementor-widget-text-editor\" data-id=\"49f5081\" data-element_type=\"widget\" data-widget_type=\"text-editor.default\">\n\t\t\t\t<div class=\"elementor-widget-container\">\n\t\t\t\t\t\t\t\t\t<p><strong>Vill du hj\u00e4lpa oss att n\u00e5 v\u00e5rt m\u00e5l?  <\/strong><\/p>\n\t\t\t\t\t\t\t\t<\/div>\n\t\t\t\t<\/div>\n\t\t\t\t\t<\/div>\n\t\t\t\t<\/div>\n\t\t<div data-particle_enable=\"false\" data-particle-mobile-disabled=\"false\" class=\"elementor-element elementor-element-0df52f2 e-flex e-con-boxed e-con e-parent\" data-id=\"0df52f2\" data-element_type=\"container\">\n\t\t\t\t\t<div class=\"e-con-inner\">\n\t\t\t\t<div class=\"elementor-element elementor-element-319cfa8 elementor-align-center elementor-widget elementor-widget-button\" data-id=\"319cfa8\" data-element_type=\"widget\" data-widget_type=\"button.default\">\n\t\t\t\t<div class=\"elementor-widget-container\">\n\t\t\t\t\t\t\t\t\t<div class=\"elementor-button-wrapper\">\n\t\t\t\t\t<a class=\"elementor-button elementor-button-link elementor-size-sm\" href=\"https:\/\/handproject.nl\/contact\/\">\n\t\t\t\t\t\t<span class=\"elementor-button-content-wrapper\">\n\t\t\t\t\t\t\t\t\t<span class=\"elementor-button-text\">Klicka h\u00e4r<\/span>\n\t\t\t\t\t<\/span>\n\t\t\t\t\t<\/a>\n\t\t\t\t<\/div>\n\t\t\t\t\t\t\t\t<\/div>\n\t\t\t\t<\/div>\n\t\t\t\t\t<\/div>\n\t\t\t\t<\/div>\n\t\t<div data-particle_enable=\"false\" data-particle-mobile-disabled=\"false\" class=\"elementor-element elementor-element-d2fe781 e-flex e-con-boxed e-con e-parent\" data-id=\"d2fe781\" data-element_type=\"container\">\n\t\t\t\t\t<div class=\"e-con-inner\">\n\t\t\t\t<div class=\"elementor-element elementor-element-b925781 elementor-widget elementor-widget-spacer\" data-id=\"b925781\" data-element_type=\"widget\" data-widget_type=\"spacer.default\">\n\t\t\t\t<div class=\"elementor-widget-container\">\n\t\t\t\t\t\t\t<div class=\"elementor-spacer\">\n\t\t\t<div class=\"elementor-spacer-inner\"><\/div>\n\t\t<\/div>\n\t\t\t\t\t\t<\/div>\n\t\t\t\t<\/div>\n\t\t\t\t<div class=\"elementor-element elementor-element-0a1614a elementor-widget elementor-widget-heading\" data-id=\"0a1614a\" data-element_type=\"widget\" data-widget_type=\"heading.default\">\n\t\t\t\t<div class=\"elementor-widget-container\">\n\t\t\t\t\t<h2 class=\"elementor-heading-title elementor-size-default\">Mer om The HandProject<\/h2>\t\t\t\t<\/div>\n\t\t\t\t<\/div>\n\t\t\t\t\t<\/div>\n\t\t\t\t<\/div>\n\t\t\t\t<section data-particle_enable=\"false\" data-particle-mobile-disabled=\"false\" class=\"elementor-section elementor-top-section elementor-element elementor-element-2ce5004 elementor-section-content-middle elementor-section-boxed elementor-section-height-default elementor-section-height-default\" data-id=\"2ce5004\" data-element_type=\"section\" data-settings=\"{&quot;background_background&quot;:&quot;classic&quot;}\">\n\t\t\t\t\t\t<div class=\"elementor-container elementor-column-gap-default\">\n\t\t\t\t\t<div class=\"elementor-column elementor-col-100 elementor-top-column elementor-element elementor-element-de23f45\" data-id=\"de23f45\" data-element_type=\"column\">\n\t\t\t<div class=\"elementor-widget-wrap elementor-element-populated\">\n\t\t\t\t\t\t<div class=\"elementor-element elementor-element-2fdc5d8 elementor-widget elementor-widget-text-editor\" data-id=\"2fdc5d8\" data-element_type=\"widget\" data-widget_type=\"text-editor.default\">\n\t\t\t\t<div class=\"elementor-widget-container\">\n\t\t\t\t\t\t\t\t\t<p>Handproteserna tillverkas helt i Tyskland och best\u00e5r av mer \u00e4n 50 h\u00f6gkvalitativa plast- och metalldelar, som \u00e4r CE-certifierade som medicintekniska produkter klass 1.&nbsp;<span style=\"font-style: inherit; font-weight: inherit; background-color: var(--ast-global-color-4); color: var(--ast-global-color-3);\">Handproteserna \u00e4r 100 % mekaniska och kan man\u00f6vreras med anv\u00e4ndarens kvarvarande hand, stump eller n\u00e5got annat l\u00e4mpligt f\u00f6rem\u00e5l. De v\u00e4skor som handproteserna levereras i tillverkas ocks\u00e5 av verkst\u00e4der f\u00f6r funktionshindrade i Tyskland. Dessa v\u00e4skor personifieras senare av de team som monterar handproteserna.<\/span><\/p>\n<p>Handprojektet fokuserar f\u00f6r n\u00e4rvarande p\u00e5 att distribuera dessa handproteser i Ghana, Uganda, Nepal och Indien. M\u00e5nga amputerade i dessa l\u00e4nder har inte r\u00e5d med en handprotes, vilket g\u00f6r detta initiativ \u00e4nnu viktigare.<\/p><p>Mottagaren av handprotesen f\u00e5r f\u00f6rm\u00e5gan att utf\u00f6ra dagliga uppgifter som att skriva, \u00e4ta och k\u00f6ra motorcykel, n\u00e5got som m\u00e5nga av oss tar f\u00f6r givet. Denna enhet f\u00f6rb\u00e4ttrar avsev\u00e4rt deras livskvalitet och \u00e5terst\u00e4ller deras v\u00e4rdighet.<br><\/p>\n<p>Handproteserna s\u00e4tts ihop antingen genom teamevenemang eller genom hemmonteringskit. Dessa evenemang fungerar inte bara som ett l\u00f6pande band f\u00f6r h\u00e4nderna utan ocks\u00e5 som en finansieringsmodell f\u00f6r projektet.<\/p>\n<p>Kostnaden f\u00f6r varje hand t\u00e4cker de faktiska delarna, kvalitetskontroller, distribution och uppf\u00f6ljning, vilket kan skapa arbetstillf\u00e4llen i de l\u00e4nder d\u00e4r de distribueras. Dessutom g\u00e5r en procentandel av kostnaden till vidareutveckling av nya protetiska l\u00f6sningar och produktutveckling.<\/p>\t\t\t\t\t\t\t\t<\/div>\n\t\t\t\t<\/div>\n\t\t\t\t\t<\/div>\n\t\t<\/div>\n\t\t\t\t\t<\/div>\n\t\t<\/section>\n\t\t<div data-particle_enable=\"false\" data-particle-mobile-disabled=\"false\" class=\"elementor-element elementor-element-9f3a7aa e-flex e-con-boxed e-con e-parent\" data-id=\"9f3a7aa\" data-element_type=\"container\">\n\t\t\t\t\t<div class=\"e-con-inner\">\n\t\t\t\t<div class=\"elementor-element elementor-element-5ff165f elementor-widget elementor-widget-image\" data-id=\"5ff165f\" data-element_type=\"widget\" data-widget_type=\"image.default\">\n\t\t\t\t<div class=\"elementor-widget-container\">\n\t\t\t\t\t\t\t\t\t\t\t\t\t\t\t<img decoding=\"async\" width=\"1024\" height=\"768\" src=\"https:\/\/handproject.nl\/wp-content\/uploads\/2023\/09\/Team-photo-uganda-1024x768.jpg\" class=\"attachment-large size-large wp-image-1124\" alt=\"Team Building\" srcset=\"https:\/\/handproject.nl\/wp-content\/uploads\/2023\/09\/Team-photo-uganda-1024x768.jpg 1024w, https:\/\/handproject.nl\/wp-content\/uploads\/2023\/09\/Team-photo-uganda-scaled-600x450.jpg 600w, https:\/\/handproject.nl\/wp-content\/uploads\/2023\/09\/Team-photo-uganda-300x225.jpg 300w, https:\/\/handproject.nl\/wp-content\/uploads\/2023\/09\/Team-photo-uganda-768x576.jpg 768w, https:\/\/handproject.nl\/wp-content\/uploads\/2023\/09\/Team-photo-uganda-1536x1152.jpg 1536w, https:\/\/handproject.nl\/wp-content\/uploads\/2023\/09\/Team-photo-uganda-2048x1536.jpg 2048w\" sizes=\"(max-width: 1024px) 100vw, 1024px\" \/>\t\t\t\t\t\t\t\t\t\t\t\t\t\t\t<\/div>\n\t\t\t\t<\/div>\n\t\t\t\t\t<\/div>\n\t\t\t\t<\/div>\n\t\t\t\t<section data-particle_enable=\"false\" data-particle-mobile-disabled=\"false\" class=\"elementor-section elementor-top-section elementor-element elementor-element-30bb675c elementor-section-boxed elementor-section-height-default elementor-section-height-default\" data-id=\"30bb675c\" data-element_type=\"section\" data-settings=\"{&quot;background_background&quot;:&quot;classic&quot;}\">\n\t\t\t\t\t\t<div class=\"elementor-container elementor-column-gap-no\">\n\t\t\t\t\t<div class=\"elementor-column elementor-col-100 elementor-top-column elementor-element elementor-element-336d0d4d\" data-id=\"336d0d4d\" data-element_type=\"column\">\n\t\t\t<div class=\"elementor-widget-wrap elementor-element-populated\">\n\t\t\t\t\t\t<section data-particle_enable=\"false\" data-particle-mobile-disabled=\"false\" class=\"elementor-section elementor-inner-section elementor-element elementor-element-1cc1a618 elementor-section-content-middle elementor-section-boxed elementor-section-height-default elementor-section-height-default\" data-id=\"1cc1a618\" data-element_type=\"section\" data-settings=\"{&quot;background_background&quot;:&quot;gradient&quot;}\">\n\t\t\t\t\t\t<div class=\"elementor-container elementor-column-gap-no\">\n\t\t\t\t\t<div class=\"elementor-column elementor-col-50 elementor-inner-column elementor-element elementor-element-5c77b037\" data-id=\"5c77b037\" data-element_type=\"column\">\n\t\t\t<div class=\"elementor-widget-wrap elementor-element-populated\">\n\t\t\t\t\t\t<div class=\"elementor-element elementor-element-3ca7c9e1 animated-slow elementor-invisible elementor-widget elementor-widget-heading\" data-id=\"3ca7c9e1\" data-element_type=\"widget\" data-settings=\"{&quot;_animation&quot;:&quot;fadeInDown&quot;}\" data-widget_type=\"heading.default\">\n\t\t\t\t<div class=\"elementor-widget-container\">\n\t\t\t\t\t<h2 class=\"elementor-heading-title elementor-size-default\">L\u00e5t oss ta <b> kontakt.<\/b>\n\n<\/h2>\t\t\t\t<\/div>\n\t\t\t\t<\/div>\n\t\t\t\t<div class=\"elementor-element elementor-element-79dbd9b5 animated-slow elementor-invisible elementor-widget elementor-widget-text-editor\" data-id=\"79dbd9b5\" data-element_type=\"widget\" data-settings=\"{&quot;_animation&quot;:&quot;fadeInDown&quot;}\" data-widget_type=\"text-editor.default\">\n\t\t\t\t<div class=\"elementor-widget-container\">\n\t\t\t\t\t\t\t\t\t<p>Vi skulle g\u00e4rna h\u00f6ra fr\u00e5n dig<\/p>\n\t\t\t\t\t\t\t\t<\/div>\n\t\t\t\t<\/div>\n\t\t<a class=\"eael-wrapper-link-473f15c7 --eael-wrapper-link-tag\" href=\"#\"><\/a>\t\t<section data-eael-wrapper-link=\"eael-wrapper-link-473f15c7\" data-particle_enable=\"false\" data-particle-mobile-disabled=\"false\" class=\"elementor-section elementor-inner-section elementor-element elementor-element-473f15c7 animated-slow elementor-section-boxed elementor-section-height-default elementor-section-height-default elementor-invisible\" data-id=\"473f15c7\" data-element_type=\"section\" data-settings=\"{&quot;animation&quot;:&quot;fadeInDown&quot;}\">\n\t\t\t\t\t\t<div class=\"elementor-container elementor-column-gap-no\">\n\t\t\t\t\t<div class=\"elementor-column elementor-col-100 elementor-inner-column elementor-element elementor-element-e9aff12\" data-id=\"e9aff12\" data-element_type=\"column\">\n\t\t\t<div class=\"elementor-widget-wrap\">\n\t\t\t\t\t\t\t<\/div>\n\t\t<\/div>\n\t\t\t\t\t<\/div>\n\t\t<\/section>\n\t\t\t\t\t<\/div>\n\t\t<\/div>\n\t\t\t\t<div class=\"elementor-column elementor-col-50 elementor-inner-column elementor-element elementor-element-2d9139dc\" data-id=\"2d9139dc\" data-element_type=\"column\">\n\t\t\t<div class=\"elementor-widget-wrap elementor-element-populated\">\n\t\t\t\t\t\t<div class=\"elementor-element elementor-element-73fbed44 elementor-widget__width-auto elementor-absolute elementor-widget elementor-widget-eael-svg-draw\" data-id=\"73fbed44\" data-element_type=\"widget\" data-settings=\"{&quot;_position&quot;:&quot;absolute&quot;}\" data-widget_type=\"eael-svg-draw.default\">\n\t\t\t\t<div class=\"elementor-widget-container\">\n\t\t\t\t\t<div class=\"eael-svg-draw-container page-load \" data-settings=\"{&quot;fill&quot;:&quot;&quot;,&quot;speed&quot;:&quot;20&quot;,&quot;offset&quot;:&quot;&quot;,&quot;loop&quot;:&quot;yes&quot;,&quot;pause&quot;:&quot;no&quot;,&quot;direction&quot;:&quot;reverse&quot;,&quot;excludeStyle&quot;:&quot;no&quot;}\"> <\/div>\t\t\t\t<\/div>\n\t\t\t\t<\/div>\n\t\t\t\t<div class=\"elementor-element elementor-element-6528a4bc elementor-align-right elementor-mobile-align-left elementor-widget elementor-widget-button\" data-id=\"6528a4bc\" data-element_type=\"widget\" data-widget_type=\"button.default\">\n\t\t\t\t<div class=\"elementor-widget-container\">\n\t\t\t\t\t\t\t\t\t<div class=\"elementor-button-wrapper\">\n\t\t\t\t\t<a class=\"elementor-button elementor-button-link elementor-size-sm\" href=\"https:\/\/handproject.nl\/contact\/\">\n\t\t\t\t\t\t<span class=\"elementor-button-content-wrapper\">\n\t\t\t\t\t\t\t\t\t<span class=\"elementor-button-text\">Kom ig\u00e5ng<\/span>\n\t\t\t\t\t<\/span>\n\t\t\t\t\t<\/a>\n\t\t\t\t<\/div>\n\t\t\t\t\t\t\t\t<\/div>\n\t\t\t\t<\/div>\n\t\t\t\t\t<\/div>\n\t\t<\/div>\n\t\t\t\t\t<\/div>\n\t\t<\/section>\n\t\t\t\t\t<\/div>\n\t\t<\/div>\n\t\t\t\t\t<\/div>\n\t\t<\/section>\n\t\t\t\t<\/div>\n\t\t","protected":false},"excerpt":{"rendered":"<p>Our Mission At the heart of our mission is the goal of providing free prosthetic hands to individuals who need them. Through our programs, teams have the opportunity to assemble and donate these custom-designed hands, which can transform the lives of recipients. We believe that making a difference should be a joyful and fulfilling experience, [&hellip;]<\/p>\n","protected":false},"author":1,"featured_media":0,"parent":0,"menu_order":0,"comment_status":"closed","ping_status":"closed","template":"","meta":{"_eb_attr":"","om_disable_all_campaigns":false,"_monsterinsights_skip_tracking":false,"_monsterinsights_sitenote_active":false,"_monsterinsights_sitenote_note":"","_monsterinsights_sitenote_category":0,"site-sidebar-layout":"no-sidebar","site-content-layout":"page-builder","ast-site-content-layout":"full-width-container","site-content-style":"unboxed","site-sidebar-style":"unboxed","ast-global-header-display":"disabled","ast-banner-title-visibility":"","ast-main-header-display":"","ast-hfb-above-header-display":"","ast-hfb-below-header-display":"","ast-hfb-mobile-header-display":"","site-post-title":"disabled","ast-breadcrumbs-content":"","ast-featured-img":"disabled","footer-sml-layout":"disabled","theme-transparent-header-meta":"enabled","adv-header-id-meta":"","stick-header-meta":"","header-above-stick-meta":"","header-main-stick-meta":"","header-below-stick-meta":"","astra-migrate-meta-layouts":"default","ast-page-background-enabled":"default","ast-page-background-meta":{"desktop":{"background-color":"","background-image":"","background-repeat":"repeat","background-position":"center center","background-size":"auto","background-attachment":"scroll","background-type":"","background-media":"","overlay-type":"","overlay-color":"","overlay-gradient":""},"tablet":{"background-color":"","background-image":"","background-repeat":"repeat","background-position":"center center","background-size":"auto","background-attachment":"scroll","background-type":"","background-media":"","overlay-type":"","overlay-color":"","overlay-gradient":""},"mobile":{"background-color":"","background-image":"","background-repeat":"repeat","background-position":"center center","background-size":"auto","background-attachment":"scroll","background-type":"","background-media":"","overlay-type":"","overlay-color":"","overlay-gradient":""}},"ast-content-background-meta":{"desktop":{"background-color":"var(--ast-global-color-5)","background-image":"","background-repeat":"repeat","background-position":"center center","background-size":"auto","background-attachment":"scroll","background-type":"","background-media":"","overlay-type":"","overlay-color":"","overlay-gradient":""},"tablet":{"background-color":"var(--ast-global-color-5)","background-image":"","background-repeat":"repeat","background-position":"center center","background-size":"auto","background-attachment":"scroll","background-type":"","background-media":"","overlay-type":"","overlay-color":"","overlay-gradient":""},"mobile":{"background-color":"var(--ast-global-color-5)","background-image":"","background-repeat":"repeat","background-position":"center center","background-size":"auto","background-attachment":"scroll","background-type":"","background-media":"","overlay-type":"","overlay-color":"","overlay-gradient":""}},"footnotes":""},"class_list":["post-2859","page","type-page","status-publish","hentry"],"aioseo_notices":[],"_links":{"self":[{"href":"https:\/\/handproject.nl\/sv\/wp-json\/wp\/v2\/pages\/2859","targetHints":{"allow":["GET"]}}],"collection":[{"href":"https:\/\/handproject.nl\/sv\/wp-json\/wp\/v2\/pages"}],"about":[{"href":"https:\/\/handproject.nl\/sv\/wp-json\/wp\/v2\/types\/page"}],"author":[{"embeddable":true,"href":"https:\/\/handproject.nl\/sv\/wp-json\/wp\/v2\/users\/1"}],"replies":[{"embeddable":true,"href":"https:\/\/handproject.nl\/sv\/wp-json\/wp\/v2\/comments?post=2859"}],"version-history":[{"count":3,"href":"https:\/\/handproject.nl\/sv\/wp-json\/wp\/v2\/pages\/2859\/revisions"}],"predecessor-version":[{"id":2874,"href":"https:\/\/handproject.nl\/sv\/wp-json\/wp\/v2\/pages\/2859\/revisions\/2874"}],"wp:attachment":[{"href":"https:\/\/handproject.nl\/sv\/wp-json\/wp\/v2\/media?parent=2859"}],"curies":[{"name":"wp","href":"https:\/\/api.w.org\/{rel}","templated":true}]}}